{"id":4150,"date":"2017-05-23T18:51:58","date_gmt":"2017-05-23T18:51:58","guid":{"rendered":"https:\/\/cortecros.com\/product\/vpci-416-sredstvo-za-ciscenje-s-inhibitorom-korozije\/"},"modified":"2017-05-23T18:51:58","modified_gmt":"2017-05-23T18:51:58","slug":"vpci-416-sredstvo-za-ciscenje-s-inhibitorom-korozije","status":"publish","type":"product","link":"https:\/\/cortecros.com\/hr\/product\/vpci-416-sredstvo-za-ciscenje-s-inhibitorom-korozije\/","title":{"rendered":"VpCI-416 Sredstvo za \u010di\u0161\u0107enje s inhibitorom korozije"},"content":{"rendered":"<p>VpCI-416 je formulacija sredstva za \u010di\u0161\u0107enje i odma\u0161\u0107ivanje na bazi vode, velikog u\u010dinka, uz antikorozijsku za\u0161titu. VpCI-416 pru\u017ea za\u0161titu od korozije do 6 mjeseci. VpCI-416 formuliran je kao sredstvo za \u010di\u0161\u0107enje i privremenu za\u0161titu od korozije. On uklanja naslage masno\u0107a i ulja sa strojeva, motora, opreme za bu\u0161enje nafte, vozila, gra\u0111evinske opreme i kranova u industrijskoj i morskoj primjeni. Sastojci VpCI-416 funkcioniraju tako da mijenjaju ugljikovodike kako bi se naslage uklonile vodom. VpCI-416 mo\u017ee se dozirati u strojeve za pranje, parne \u010distionice i drugu opremu za \u010di\u0161\u0107enje. VpCI-416 imaju jedinstvenu sposobnost da uklanjaju naslage te\u0161kih ugljikovodika, masti i drugih spojeva koji stvaraju slojevite naslage.<br \/>\n<b>Pakiranje:<\/b>19 l i 208 l.<\/p>\n<p><a href=\"https:\/\/cortecros.com\/wp-content\/uploads\/2019\/05\/VpCI-416.pdf\"><strong>Tehni\u010dki list proizvoda<\/strong><\/a><\/p>\n","protected":false},"excerpt":{"rendered":"<p>VpCI-416 je formulacija sredstva za \u010di\u0161\u0107enje i odma\u0161\u0107ivanje na bazi vode, velikog u\u010dinka, uz antikorozijsku za\u0161titu. VpCI-416 pru\u017ea za\u0161titu od korozije do 6 mjeseci. VpCI-416 formuliran je kao sredstvo za \u010di\u0161\u0107enje i privremenu za\u0161titu od korozije. On uklanja naslage masno\u0107a i ulja sa strojeva, motora, opreme za bu\u0161enje nafte, vozila,\u2026 <a class=\"continue-reading-link\" href=\"https:\/\/cortecros.com\/hr\/product\/vpci-416-sredstvo-za-ciscenje-s-inhibitorom-korozije\/\">nastavi \u010ditati<\/a><\/p>\n","protected":false},"featured_media":0,"template":"","meta":{"ngg_post_thumbnail":0,"_links_to":"","_links_to_target":""},"product_brand":[],"product_cat":[39],"product_tag":[],"class_list":{"0":"post-4150","1":"product","2":"type-product","3":"status-publish","5":"product_cat-vpci-proizvodi-za-ciscenje-odmascivanje-i-pripremu-povrsine-metala","7":"first","8":"instock","9":"shipping-taxable","10":"product-type-simple"},"_links":{"self":[{"href":"https:\/\/cortecros.com\/hr\/wp-json\/wp\/v2\/product\/4150","targetHints":{"allow":["GET"]}}],"collection":[{"href":"https:\/\/cortecros.com\/hr\/wp-json\/wp\/v2\/product"}],"about":[{"href":"https:\/\/cortecros.com\/hr\/wp-json\/wp\/v2\/types\/product"}],"wp:attachment":[{"href":"https:\/\/cortecros.com\/hr\/wp-json\/wp\/v2\/media?parent=4150"}],"wp:term":[{"taxonomy":"product_brand","embeddable":true,"href":"https:\/\/cortecros.com\/hr\/wp-json\/wp\/v2\/product_brand?post=4150"},{"taxonomy":"product_cat","embeddable":true,"href":"https:\/\/cortecros.com\/hr\/wp-json\/wp\/v2\/product_cat?post=4150"},{"taxonomy":"product_tag","embeddable":true,"href":"https:\/\/cortecros.com\/hr\/wp-json\/wp\/v2\/product_tag?post=4150"}],"curies":[{"name":"wp","href":"https:\/\/api.w.org\/{rel}","templated":true}]}}