{"id":4153,"date":"2017-05-23T18:56:13","date_gmt":"2017-05-23T18:56:13","guid":{"rendered":"https:\/\/cortecros.com\/product\/vpci-419-koncentrat-za-ciscenje-i-odmascivanje\/"},"modified":"2020-10-21T08:52:45","modified_gmt":"2020-10-21T08:52:45","slug":"vpci-419-koncentrat-za-ciscenje-i-odmascivanje","status":"publish","type":"product","link":"https:\/\/cortecros.com\/hr\/product\/vpci-419-koncentrat-za-ciscenje-i-odmascivanje\/","title":{"rendered":"VpCI-419 Koncentrat za \u010di\u0161\u0107enje i odma\u0161\u0107ivanje"},"content":{"rendered":"<p>VpCI-419 je sredstvo za \u010di\u0161\u0107enje i odma\u0161\u0107ivanje velikog u\u010dinka za potrebe \u010di\u0161\u0107enja industrijske, komercijalne i morske opreme. VpCI-419 je otopina dobivena iz intermedijara nastali kemijskim reakcijama nekontroliranih temperaturama i tlakovima. Sastojci VpCI-419 djeluju kemijski mijenjaju\u0107i masno\u0107e i one\u010di\u0161\u0107enja tako da se naslage mogu ukloniti s vodom. VpCI-419 mo\u017ee se dozirati u strojeve za pranje, parne \u010distionice itd. Bez fosfata, nezapaljiv, neotrovan i biorazgradiv. VpCI-419 ne stvara probleme pri odlaganju, kao ve\u0107ina fosfatnih sredstava za \u010di\u0161\u0107enje.<br \/>\nVpCI-419 ima jedinstvenu sposobnost da uklanja naslage koje se te\u0161ko \u010diste kao \u0161to su te\u0161ki ugljikovodici, masti, strojna ulja i druga one\u010di\u0161\u0107enja. Ovaj se u\u010dinak pripisuje kemijskoj prirodi VpCI-419 koji mijenja sastav naslage tako da se mogu ukloniti vodom. VpCI-419 tako\u0111er \u0161tedi energiju koja je potrebna za vru\u0107a alkalna sredstva za \u010di\u0161\u0107enje koja se sad koriste u industriji.<br \/>\n<b>Pakiranje:<\/b>\u00a019 l kanister i 208 l ba\u010dva .<\/p>\n<p><a href=\"https:\/\/cortecros.com\/wp-content\/uploads\/2020\/10\/PDS_VpCI-419_hr.pdf\"><strong>Tehni\u010dki list proizvoda<\/strong><\/a><\/p>\n","protected":false},"excerpt":{"rendered":"<p>VpCI-419 je sredstvo za \u010di\u0161\u0107enje i odma\u0161\u0107ivanje velikog u\u010dinka za potrebe \u010di\u0161\u0107enja industrijske, komercijalne i morske opreme. VpCI-419 je otopina dobivena iz intermedijara nastali kemijskim reakcijama nekontroliranih temperaturama i tlakovima. Sastojci VpCI-419 djeluju kemijski mijenjaju\u0107i masno\u0107e i one\u010di\u0161\u0107enja tako da se naslage mogu ukloniti s vodom. VpCI-419 mo\u017ee se dozirati\u2026 <a class=\"continue-reading-link\" href=\"https:\/\/cortecros.com\/hr\/product\/vpci-419-koncentrat-za-ciscenje-i-odmascivanje\/\">nastavi \u010ditati<\/a><\/p>\n","protected":false},"featured_media":0,"template":"","meta":{"ngg_post_thumbnail":0,"_links_to":"","_links_to_target":""},"product_brand":[],"product_cat":[39],"product_tag":[],"class_list":{"0":"post-4153","1":"product","2":"type-product","3":"status-publish","5":"product_cat-vpci-proizvodi-za-ciscenje-odmascivanje-i-pripremu-povrsine-metala","7":"first","8":"instock","9":"shipping-taxable","10":"product-type-simple"},"_links":{"self":[{"href":"https:\/\/cortecros.com\/hr\/wp-json\/wp\/v2\/product\/4153","targetHints":{"allow":["GET"]}}],"collection":[{"href":"https:\/\/cortecros.com\/hr\/wp-json\/wp\/v2\/product"}],"about":[{"href":"https:\/\/cortecros.com\/hr\/wp-json\/wp\/v2\/types\/product"}],"wp:attachment":[{"href":"https:\/\/cortecros.com\/hr\/wp-json\/wp\/v2\/media?parent=4153"}],"wp:term":[{"taxonomy":"product_brand","embeddable":true,"href":"https:\/\/cortecros.com\/hr\/wp-json\/wp\/v2\/product_brand?post=4153"},{"taxonomy":"product_cat","embeddable":true,"href":"https:\/\/cortecros.com\/hr\/wp-json\/wp\/v2\/product_cat?post=4153"},{"taxonomy":"product_tag","embeddable":true,"href":"https:\/\/cortecros.com\/hr\/wp-json\/wp\/v2\/product_tag?post=4153"}],"curies":[{"name":"wp","href":"https:\/\/api.w.org\/{rel}","templated":true}]}}