{"id":4156,"date":"2017-05-23T18:59:14","date_gmt":"2017-05-23T18:59:14","guid":{"rendered":"https:\/\/cortecros.com\/product\/vpci-422-tekucina-423-gel-sredstvo-za-uklanjanje-hrde\/"},"modified":"2020-10-21T08:54:34","modified_gmt":"2020-10-21T08:54:34","slug":"vpci-422-tekucina-423-gel-sredstvo-za-uklanjanje-hrde","status":"publish","type":"product","link":"https:\/\/cortecros.com\/hr\/product\/vpci-422-tekucina-423-gel-sredstvo-za-uklanjanje-hrde\/","title":{"rendered":"VpCI-422 Teku\u0107ina\/423 gel-sredstvo za uklanjanje hr\u0111e"},"content":{"rendered":"<p>Djelotvorno uklanja hr\u0111e i mrlje s \u010delika, \u017eeljeza, bakra, mjedi i kroma. Ne zaga\u0111uje. Ne \u0161kodi ljudskoj ko\u017ei i ne utje\u010de negativno na ve\u0107inu boja, plastika, drva, tekstila, keramike ili gume.<br \/>\n<b>Pakiranje:\u00a0<\/b>0.47.l sprej \u2013 bo\u010dica, 19 l kanister i ba\u010dva 208 l.<\/p>\n<p><a href=\"https:\/\/cortecros.com\/wp-content\/uploads\/2020\/10\/VpCI-422_hr.pdf\"><strong>Tehni\u010dki list proizvoda<\/strong><\/a><\/p>\n","protected":false},"excerpt":{"rendered":"<p>Djelotvorno uklanja hr\u0111e i mrlje s \u010delika, \u017eeljeza, bakra, mjedi i kroma. Ne zaga\u0111uje. Ne \u0161kodi ljudskoj ko\u017ei i ne utje\u010de negativno na ve\u0107inu boja, plastika, drva, tekstila, keramike ili gume. Pakiranje:\u00a00.47.l sprej \u2013 bo\u010dica, 19 l kanister i ba\u010dva 208 l. Tehni\u010dki list proizvoda <a class=\"continue-reading-link\" href=\"https:\/\/cortecros.com\/hr\/product\/vpci-422-tekucina-423-gel-sredstvo-za-uklanjanje-hrde\/\">nastavi \u010ditati<\/a><\/p>\n","protected":false},"featured_media":3189,"template":"","meta":{"ngg_post_thumbnail":0,"_links_to":"","_links_to_target":""},"product_brand":[],"product_cat":[42,39],"product_tag":[],"class_list":{"0":"post-4156","1":"product","2":"type-product","3":"status-publish","4":"has-post-thumbnail","6":"product_cat-mci-proizvodi-za-graditeljstvo","7":"product_cat-vpci-proizvodi-za-ciscenje-odmascivanje-i-pripremu-povrsine-metala","9":"first","10":"instock","11":"shipping-taxable","12":"product-type-simple"},"_links":{"self":[{"href":"https:\/\/cortecros.com\/hr\/wp-json\/wp\/v2\/product\/4156","targetHints":{"allow":["GET"]}}],"collection":[{"href":"https:\/\/cortecros.com\/hr\/wp-json\/wp\/v2\/product"}],"about":[{"href":"https:\/\/cortecros.com\/hr\/wp-json\/wp\/v2\/types\/product"}],"wp:featuredmedia":[{"embeddable":true,"href":"https:\/\/cortecros.com\/hr\/wp-json\/wp\/v2\/media\/3189"}],"wp:attachment":[{"href":"https:\/\/cortecros.com\/hr\/wp-json\/wp\/v2\/media?parent=4156"}],"wp:term":[{"taxonomy":"product_brand","embeddable":true,"href":"https:\/\/cortecros.com\/hr\/wp-json\/wp\/v2\/product_brand?post=4156"},{"taxonomy":"product_cat","embeddable":true,"href":"https:\/\/cortecros.com\/hr\/wp-json\/wp\/v2\/product_cat?post=4156"},{"taxonomy":"product_tag","embeddable":true,"href":"https:\/\/cortecros.com\/hr\/wp-json\/wp\/v2\/product_tag?post=4156"}],"curies":[{"name":"wp","href":"https:\/\/api.w.org\/{rel}","templated":true}]}}