{"id":4159,"date":"2017-05-23T19:02:41","date_gmt":"2017-05-23T19:02:41","guid":{"rendered":"https:\/\/cortecros.com\/product\/vpci-426\/"},"modified":"2017-05-23T19:02:41","modified_gmt":"2017-05-23T19:02:41","slug":"vpci-426","status":"publish","type":"product","link":"https:\/\/cortecros.com\/hr\/product\/vpci-426\/","title":{"rendered":"VpCI-426"},"content":{"rendered":"<p>Bezopasan, vodotopiv prah koji se koristi u malim dozama za uklanjanje hr\u0111e, naslaga<br \/>\nkamenca, oksidacije. Radni pH je izme\u0111u 3-4 i posebno je djelotvoran za \u010di\u0161\u0107enje<br \/>\nnehr\u0111aju\u0107eg \u010delika. Dobro se pokazao u nadzvu\u010dnim aplikacijama.<br \/>\n<b>Pakiranje:\u00a0<\/b>23 kg kartonska kutija, 45 kg kartonska ba\u010dva i vodotopive 2,3 kg vre\u0107ice.<\/p>\n<p><a href=\"https:\/\/cortecros.com\/wp-content\/uploads\/2019\/05\/VpCI-426.pdf\"><strong>Tehni\u010dki list proizvoda<\/strong><\/a><\/p>\n","protected":false},"excerpt":{"rendered":"<p>Bezopasan, vodotopiv prah koji se koristi u malim dozama za uklanjanje hr\u0111e, naslaga kamenca, oksidacije. Radni pH je izme\u0111u 3-4 i posebno je djelotvoran za \u010di\u0161\u0107enje nehr\u0111aju\u0107eg \u010delika. Dobro se pokazao u nadzvu\u010dnim aplikacijama. Pakiranje:\u00a023 kg kartonska kutija, 45 kg kartonska ba\u010dva i vodotopive 2,3 kg vre\u0107ice. Tehni\u010dki list proizvoda <a class=\"continue-reading-link\" href=\"https:\/\/cortecros.com\/hr\/product\/vpci-426\/\">nastavi \u010ditati<\/a><\/p>\n","protected":false},"featured_media":0,"template":"","meta":{"ngg_post_thumbnail":0,"_links_to":"","_links_to_target":""},"product_brand":[],"product_cat":[39],"product_tag":[],"class_list":{"0":"post-4159","1":"product","2":"type-product","3":"status-publish","5":"product_cat-vpci-proizvodi-za-ciscenje-odmascivanje-i-pripremu-povrsine-metala","7":"first","8":"instock","9":"shipping-taxable","10":"product-type-simple"},"_links":{"self":[{"href":"https:\/\/cortecros.com\/hr\/wp-json\/wp\/v2\/product\/4159","targetHints":{"allow":["GET"]}}],"collection":[{"href":"https:\/\/cortecros.com\/hr\/wp-json\/wp\/v2\/product"}],"about":[{"href":"https:\/\/cortecros.com\/hr\/wp-json\/wp\/v2\/types\/product"}],"wp:attachment":[{"href":"https:\/\/cortecros.com\/hr\/wp-json\/wp\/v2\/media?parent=4159"}],"wp:term":[{"taxonomy":"product_brand","embeddable":true,"href":"https:\/\/cortecros.com\/hr\/wp-json\/wp\/v2\/product_brand?post=4159"},{"taxonomy":"product_cat","embeddable":true,"href":"https:\/\/cortecros.com\/hr\/wp-json\/wp\/v2\/product_cat?post=4159"},{"taxonomy":"product_tag","embeddable":true,"href":"https:\/\/cortecros.com\/hr\/wp-json\/wp\/v2\/product_tag?post=4159"}],"curies":[{"name":"wp","href":"https:\/\/api.w.org\/{rel}","templated":true}]}}