{"id":4162,"date":"2017-05-23T19:03:52","date_gmt":"2017-05-23T19:03:52","guid":{"rendered":"https:\/\/cortecros.com\/product\/vpci-427-sredstvo-za-uklanjanje-oksida-i-ciscenje-aluminija\/"},"modified":"2017-05-23T19:03:52","modified_gmt":"2017-05-23T19:03:52","slug":"vpci-427-sredstvo-za-uklanjanje-oksida-i-ciscenje-aluminija","status":"publish","type":"product","link":"https:\/\/cortecros.com\/hr\/product\/vpci-427-sredstvo-za-uklanjanje-oksida-i-ciscenje-aluminija\/","title":{"rendered":"VpCI-427 Sredstvo za uklanjanje oksida i \u010di\u0161\u010denje aluminija"},"content":{"rendered":"<p>VpCI-427 je koncentrat visokog u\u010dinka namijenjen za uklanjanje oksida, \u010di\u0161\u0107enje aluminija i njegovih legura i za pripremu povr\u0161ine za daljnju obradu, kao \u0161to su anodna obrada, elektroplatiniranje i premazivanje. U pro\u0161losti potvrdilo se da su mineralne kiseline i kausti\u010dna soda ograni\u010deno efikasne pri \u010di\u0161\u0107enju aluminijskih legura. Nedostatak danas kori\u0161tenih sredstava za \u010di\u0161\u0107enje aluminija je njihovo stvaranje taloga i mrlja nakon zagrijavanja metala i znatan rizik one\u010di\u0161\u0107enja okoline. VpCI-427 je jedinstvena formulacija koja nema navedene nedostatke. VpCI-427 otapa i skida naslage oksida aluminija sa povr\u0161ine i sprje\u010dava ponovno talo\u017eenje i stvaranje istih.<br \/>\n<b>Pakiranje:<\/b>\u00a0kanister 19 l i ba\u010dva 208 l.<\/p>\n<p><a href=\"https:\/\/cortecros.com\/wp-content\/uploads\/2019\/05\/VpCI-427.pdf\"><strong>Tehni\u010dki list proizvoda<\/strong><\/a><\/p>\n","protected":false},"excerpt":{"rendered":"<p>VpCI-427 je koncentrat visokog u\u010dinka namijenjen za uklanjanje oksida, \u010di\u0161\u0107enje aluminija i njegovih legura i za pripremu povr\u0161ine za daljnju obradu, kao \u0161to su anodna obrada, elektroplatiniranje i premazivanje. U pro\u0161losti potvrdilo se da su mineralne kiseline i kausti\u010dna soda ograni\u010deno efikasne pri \u010di\u0161\u0107enju aluminijskih legura. Nedostatak danas kori\u0161tenih sredstava\u2026 <a class=\"continue-reading-link\" href=\"https:\/\/cortecros.com\/hr\/product\/vpci-427-sredstvo-za-uklanjanje-oksida-i-ciscenje-aluminija\/\">nastavi \u010ditati<\/a><\/p>\n","protected":false},"featured_media":0,"template":"","meta":{"ngg_post_thumbnail":0,"_links_to":"","_links_to_target":""},"product_brand":[],"product_cat":[39],"product_tag":[],"class_list":{"0":"post-4162","1":"product","2":"type-product","3":"status-publish","5":"product_cat-vpci-proizvodi-za-ciscenje-odmascivanje-i-pripremu-povrsine-metala","7":"first","8":"instock","9":"shipping-taxable","10":"product-type-simple"},"_links":{"self":[{"href":"https:\/\/cortecros.com\/hr\/wp-json\/wp\/v2\/product\/4162","targetHints":{"allow":["GET"]}}],"collection":[{"href":"https:\/\/cortecros.com\/hr\/wp-json\/wp\/v2\/product"}],"about":[{"href":"https:\/\/cortecros.com\/hr\/wp-json\/wp\/v2\/types\/product"}],"wp:attachment":[{"href":"https:\/\/cortecros.com\/hr\/wp-json\/wp\/v2\/media?parent=4162"}],"wp:term":[{"taxonomy":"product_brand","embeddable":true,"href":"https:\/\/cortecros.com\/hr\/wp-json\/wp\/v2\/product_brand?post=4162"},{"taxonomy":"product_cat","embeddable":true,"href":"https:\/\/cortecros.com\/hr\/wp-json\/wp\/v2\/product_cat?post=4162"},{"taxonomy":"product_tag","embeddable":true,"href":"https:\/\/cortecros.com\/hr\/wp-json\/wp\/v2\/product_tag?post=4162"}],"curies":[{"name":"wp","href":"https:\/\/api.w.org\/{rel}","templated":true}]}}