{"id":4163,"date":"2017-05-23T19:05:24","date_gmt":"2017-05-23T19:05:24","guid":{"rendered":"https:\/\/cortecros.com\/product\/vpci-429-odstranjivac-hrde-i-odmascivac\/"},"modified":"2017-05-23T19:05:24","modified_gmt":"2017-05-23T19:05:24","slug":"vpci-429-odstranjivac-hrde-i-odmascivac","status":"publish","type":"product","link":"https:\/\/cortecros.com\/hr\/product\/vpci-429-odstranjivac-hrde-i-odmascivac\/","title":{"rendered":"VpCI-429 Odstranjiva\u010d hr\u0111e i odma\u0161\u010diva\u0107"},"content":{"rendered":"<p>VpCI-429 je vrlo djelotvoran odstranjiva\u010d hr\u0111e (korozije) i odma\u0161\u010diva\u010d razli\u010ditih metala. Kemizam ovog proizvoda baziran je na sposobnosti stvaranja helatnih spojeva. VpCI-429 nije samo odstranjiva\u010d hr\u0111e i masno\u0107a. VpCI-429 tako\u0111er sprje\u010dava korozivne procese tijekom procesa \u010di\u0161\u0107enja. VpCI-429 je vrlo ekolo\u0161ki prihvatljiv proizvod, te sigurna i lagana primjena. Proizvod je pH neutralan, izra\u0111en od birazgradljivih i obnovljivih materijala, nije iritativan i nije \u0161tetan. Na povr\u0161inu metala tretiranu sa VpCI-429 mo\u017ee se odmah nanositi boja bez ikakvih problema, eliminiraju\u0107i dodatne korake pripreme povr\u0161ine. U mnogim slu\u010dajevima VpCI-429 djeluje kao adhesioni \u010dimbenik za nano\u0161enje boje.<br \/>\n<b>Pakiranje:<\/b>\u00a0kanistar 19 l, ba\u010dva 208 l i kontejner 1040 l<\/p>\n","protected":false},"excerpt":{"rendered":"<p>VpCI-429 je vrlo djelotvoran odstranjiva\u010d hr\u0111e (korozije) i odma\u0161\u010diva\u010d razli\u010ditih metala. Kemizam ovog proizvoda baziran je na sposobnosti stvaranja helatnih spojeva. VpCI-429 nije samo odstranjiva\u010d hr\u0111e i masno\u0107a. VpCI-429 tako\u0111er sprje\u010dava korozivne procese tijekom procesa \u010di\u0161\u0107enja. VpCI-429 je vrlo ekolo\u0161ki prihvatljiv proizvod, te sigurna i lagana primjena. Proizvod je pH\u2026 <a class=\"continue-reading-link\" href=\"https:\/\/cortecros.com\/hr\/product\/vpci-429-odstranjivac-hrde-i-odmascivac\/\">nastavi \u010ditati<\/a><\/p>\n","protected":false},"featured_media":0,"template":"","meta":{"ngg_post_thumbnail":0,"_links_to":"","_links_to_target":""},"product_brand":[],"product_cat":[39],"product_tag":[],"class_list":{"0":"post-4163","1":"product","2":"type-product","3":"status-publish","5":"product_cat-vpci-proizvodi-za-ciscenje-odmascivanje-i-pripremu-povrsine-metala","7":"first","8":"instock","9":"shipping-taxable","10":"product-type-simple"},"_links":{"self":[{"href":"https:\/\/cortecros.com\/hr\/wp-json\/wp\/v2\/product\/4163","targetHints":{"allow":["GET"]}}],"collection":[{"href":"https:\/\/cortecros.com\/hr\/wp-json\/wp\/v2\/product"}],"about":[{"href":"https:\/\/cortecros.com\/hr\/wp-json\/wp\/v2\/types\/product"}],"wp:attachment":[{"href":"https:\/\/cortecros.com\/hr\/wp-json\/wp\/v2\/media?parent=4163"}],"wp:term":[{"taxonomy":"product_brand","embeddable":true,"href":"https:\/\/cortecros.com\/hr\/wp-json\/wp\/v2\/product_brand?post=4163"},{"taxonomy":"product_cat","embeddable":true,"href":"https:\/\/cortecros.com\/hr\/wp-json\/wp\/v2\/product_cat?post=4163"},{"taxonomy":"product_tag","embeddable":true,"href":"https:\/\/cortecros.com\/hr\/wp-json\/wp\/v2\/product_tag?post=4163"}],"curies":[{"name":"wp","href":"https:\/\/api.w.org\/{rel}","templated":true}]}}