{"id":4167,"date":"2017-05-23T19:09:09","date_gmt":"2017-05-23T19:09:09","guid":{"rendered":"https:\/\/cortecros.com\/product\/vpci-440\/"},"modified":"2017-05-23T19:09:09","modified_gmt":"2017-05-23T19:09:09","slug":"vpci-440","status":"publish","type":"product","link":"https:\/\/cortecros.com\/hr\/product\/vpci-440\/","title":{"rendered":"VpCI-440"},"content":{"rendered":"<p>VpCI-440 slu\u017ei za prethodnu obradu povr\u0161ine \u010delika, \u017eeljeza, aluminija, bronce, bakra, cinka i drugih metala.<br \/>\nVpCI-440 mo\u017ee zamijeniti sustave za fosfatiziranje i kromatiranje metalnih povr\u0161ina. VpCI-440 omogu\u0107uje<br \/>\npremazima bolju adheziju na povr\u0161ine, kao \u0161to su premazi u prahu za aluminij.<br \/>\n<b>Pakiranje:<\/b>\u00a019 l plasti\u010dne posude i 208 l ba\u010dve.<\/p>\n<p><a href=\"https:\/\/cortecros.com\/wp-content\/uploads\/2019\/05\/VpCI-440.pdf\"><strong>Tehni\u010dki list proizvoda<\/strong><\/a><\/p>\n","protected":false},"excerpt":{"rendered":"<p>VpCI-440 slu\u017ei za prethodnu obradu povr\u0161ine \u010delika, \u017eeljeza, aluminija, bronce, bakra, cinka i drugih metala. VpCI-440 mo\u017ee zamijeniti sustave za fosfatiziranje i kromatiranje metalnih povr\u0161ina. VpCI-440 omogu\u0107uje premazima bolju adheziju na povr\u0161ine, kao \u0161to su premazi u prahu za aluminij. Pakiranje:\u00a019 l plasti\u010dne posude i 208 l ba\u010dve. Tehni\u010dki list\u2026 <a class=\"continue-reading-link\" href=\"https:\/\/cortecros.com\/hr\/product\/vpci-440\/\">nastavi \u010ditati<\/a><\/p>\n","protected":false},"featured_media":0,"template":"","meta":{"ngg_post_thumbnail":0,"_links_to":"","_links_to_target":""},"product_brand":[],"product_cat":[39],"product_tag":[],"class_list":{"0":"post-4167","1":"product","2":"type-product","3":"status-publish","5":"product_cat-vpci-proizvodi-za-ciscenje-odmascivanje-i-pripremu-povrsine-metala","7":"first","8":"instock","9":"shipping-taxable","10":"product-type-simple"},"_links":{"self":[{"href":"https:\/\/cortecros.com\/hr\/wp-json\/wp\/v2\/product\/4167","targetHints":{"allow":["GET"]}}],"collection":[{"href":"https:\/\/cortecros.com\/hr\/wp-json\/wp\/v2\/product"}],"about":[{"href":"https:\/\/cortecros.com\/hr\/wp-json\/wp\/v2\/types\/product"}],"wp:attachment":[{"href":"https:\/\/cortecros.com\/hr\/wp-json\/wp\/v2\/media?parent=4167"}],"wp:term":[{"taxonomy":"product_brand","embeddable":true,"href":"https:\/\/cortecros.com\/hr\/wp-json\/wp\/v2\/product_brand?post=4167"},{"taxonomy":"product_cat","embeddable":true,"href":"https:\/\/cortecros.com\/hr\/wp-json\/wp\/v2\/product_cat?post=4167"},{"taxonomy":"product_tag","embeddable":true,"href":"https:\/\/cortecros.com\/hr\/wp-json\/wp\/v2\/product_tag?post=4167"}],"curies":[{"name":"wp","href":"https:\/\/api.w.org\/{rel}","templated":true}]}}