{"id":4174,"date":"2017-05-24T13:47:08","date_gmt":"2017-05-24T13:47:08","guid":{"rendered":"https:\/\/cortecros.com\/product\/m-435-aditiv-za-premaze\/"},"modified":"2020-10-21T08:51:00","modified_gmt":"2020-10-21T08:51:00","slug":"m-435-aditiv-za-premaze","status":"publish","type":"product","link":"https:\/\/cortecros.com\/hr\/product\/m-435-aditiv-za-premaze\/","title":{"rendered":"M-435 Aditiv za premaze"},"content":{"rendered":"<p>VpCI aditiv na vodenoj osnovi za premaze i smjese. \u0160titi crne kovine. Onemogu\u0107uje povr\u0161insku koroziju.<br \/>\n<b>Pakiranje:\u00a0<\/b>19 l i 208 l.<\/p>\n<p>&nbsp;<\/p>\n<p><a href=\"https:\/\/cortecros.com\/wp-content\/uploads\/2020\/10\/M-435_hr.pdf\">Tehni\u010dki list proizvoda<\/a><\/p>\n","protected":false},"excerpt":{"rendered":"<p>VpCI aditiv na vodenoj osnovi za premaze i smjese. \u0160titi crne kovine. Onemogu\u0107uje povr\u0161insku koroziju. Pakiranje:\u00a019 l i 208 l. &nbsp; Tehni\u010dki list proizvoda <a class=\"continue-reading-link\" href=\"https:\/\/cortecros.com\/hr\/product\/m-435-aditiv-za-premaze\/\">nastavi \u010ditati<\/a><\/p>\n","protected":false},"featured_media":30214,"template":"","meta":{"ngg_post_thumbnail":0,"_links_to":"","_links_to_target":""},"product_brand":[],"product_cat":[40],"product_tag":[],"class_list":{"0":"post-4174","1":"product","2":"type-product","3":"status-publish","4":"has-post-thumbnail","6":"product_cat-vpci-polymeri-aditivi","8":"first","9":"instock","10":"shipping-taxable","11":"product-type-simple"},"_links":{"self":[{"href":"https:\/\/cortecros.com\/hr\/wp-json\/wp\/v2\/product\/4174","targetHints":{"allow":["GET"]}}],"collection":[{"href":"https:\/\/cortecros.com\/hr\/wp-json\/wp\/v2\/product"}],"about":[{"href":"https:\/\/cortecros.com\/hr\/wp-json\/wp\/v2\/types\/product"}],"wp:featuredmedia":[{"embeddable":true,"href":"https:\/\/cortecros.com\/hr\/wp-json\/wp\/v2\/media\/30214"}],"wp:attachment":[{"href":"https:\/\/cortecros.com\/hr\/wp-json\/wp\/v2\/media?parent=4174"}],"wp:term":[{"taxonomy":"product_brand","embeddable":true,"href":"https:\/\/cortecros.com\/hr\/wp-json\/wp\/v2\/product_brand?post=4174"},{"taxonomy":"product_cat","embeddable":true,"href":"https:\/\/cortecros.com\/hr\/wp-json\/wp\/v2\/product_cat?post=4174"},{"taxonomy":"product_tag","embeddable":true,"href":"https:\/\/cortecros.com\/hr\/wp-json\/wp\/v2\/product_tag?post=4174"}],"curies":[{"name":"wp","href":"https:\/\/api.w.org\/{rel}","templated":true}]}}