{"id":4176,"date":"2017-05-24T13:58:15","date_gmt":"2017-05-24T13:58:15","guid":{"rendered":"https:\/\/cortecros.com\/product\/m-5365-aditiv-za-premaze\/"},"modified":"2020-04-28T07:02:29","modified_gmt":"2020-04-28T07:02:29","slug":"m-5365-aditiv-za-premaze","status":"publish","type":"product","link":"https:\/\/cortecros.com\/hr\/product\/m-5365-aditiv-za-premaze\/","title":{"rendered":"M-5365 Aditiv za premaze"},"content":{"rendered":"<p>M-5365 je teku\u0107i aditiv za sustave na bazi otapala i specifi\u010dnim sustavima na bazi vode. Preporu\u010da se kao aditiv za premaze za odr\u017eavanje.<\/p>\n<p><a href=\"https:\/\/cortecros.com\/wp-content\/uploads\/2020\/04\/M-5365.pdf\">Tehni\u010dki list proizvoda<\/a><\/p>\n","protected":false},"excerpt":{"rendered":"<p>M-5365 je teku\u0107i aditiv za sustave na bazi otapala i specifi\u010dnim sustavima na bazi vode. Preporu\u010da se kao aditiv za premaze za odr\u017eavanje. Tehni\u010dki list proizvoda <a class=\"continue-reading-link\" href=\"https:\/\/cortecros.com\/hr\/product\/m-5365-aditiv-za-premaze\/\">nastavi \u010ditati<\/a><\/p>\n","protected":false},"featured_media":0,"template":"","meta":{"ngg_post_thumbnail":0,"_links_to":"","_links_to_target":""},"product_brand":[],"product_cat":[40],"product_tag":[],"class_list":{"0":"post-4176","1":"product","2":"type-product","3":"status-publish","5":"product_cat-vpci-polymeri-aditivi","7":"first","8":"instock","9":"shipping-taxable","10":"product-type-simple"},"_links":{"self":[{"href":"https:\/\/cortecros.com\/hr\/wp-json\/wp\/v2\/product\/4176","targetHints":{"allow":["GET"]}}],"collection":[{"href":"https:\/\/cortecros.com\/hr\/wp-json\/wp\/v2\/product"}],"about":[{"href":"https:\/\/cortecros.com\/hr\/wp-json\/wp\/v2\/types\/product"}],"wp:attachment":[{"href":"https:\/\/cortecros.com\/hr\/wp-json\/wp\/v2\/media?parent=4176"}],"wp:term":[{"taxonomy":"product_brand","embeddable":true,"href":"https:\/\/cortecros.com\/hr\/wp-json\/wp\/v2\/product_brand?post=4176"},{"taxonomy":"product_cat","embeddable":true,"href":"https:\/\/cortecros.com\/hr\/wp-json\/wp\/v2\/product_cat?post=4176"},{"taxonomy":"product_tag","embeddable":true,"href":"https:\/\/cortecros.com\/hr\/wp-json\/wp\/v2\/product_tag?post=4176"}],"curies":[{"name":"wp","href":"https:\/\/api.w.org\/{rel}","templated":true}]}}