{"id":4179,"date":"2017-05-16T14:57:13","date_gmt":"2017-05-16T14:57:13","guid":{"rendered":"https:\/\/cortecros.com\/product\/vpci-corrlube-grease\/"},"modified":"2017-05-16T14:57:13","modified_gmt":"2017-05-16T14:57:13","slug":"vpci-corrlube-grease","status":"publish","type":"product","link":"https:\/\/cortecros.com\/hr\/product\/vpci-corrlube-grease\/","title":{"rendered":"VpCI-CorrLube Grease"},"content":{"rendered":"<p>Cortec VpCI-Cor-Lube&#x2122; je izvrsna mast za visoke tlakove s dobrom otporno\u0161\u0107u prema oksidaciji i vru\u0107oj i hladnoj vodi. Posebno je formulirana s izuzetnim svojstvima za spre\u010davanje korozije uslijed djelovanja slane vode, slane isplake H<sub>2<\/sub>S, HCl i drugih korozivnih tvari. VpCI-Cor-Lube&#x2122; podesna je i kod spremanja opreme i za radne uvijete. Za podru\u010dja koja nisu u direktnom kontaktu s Cor-Lube&#x2122; ma\u0161\u010du, mast posjeduje sposobnost spre\u010davanja korozije isparavanja inhibitora korozije (VpCI).<br \/>\n<b>Pakiranje:\u00a0<\/b>kanistri od 19 litara, ba\u010dve 208 litara i umetci (catridges) za ru\u010dne mazalice<\/p>\n<p><a href=\"https:\/\/cortecros.com\/wp-content\/uploads\/2019\/05\/VpCI-369-Core-Lube.pdf\"><strong>Tehni\u010dki list proizvoda<\/strong><\/a><\/p>\n","protected":false},"excerpt":{"rendered":"<p>Cortec VpCI-Cor-Lube&#x2122; je izvrsna mast za visoke tlakove s dobrom otporno\u0161\u0107u prema oksidaciji i vru\u0107oj i hladnoj vodi. Posebno je formulirana s izuzetnim svojstvima za spre\u010davanje korozije uslijed djelovanja slane vode, slane isplake H2S, HCl i drugih korozivnih tvari. VpCI-Cor-Lube&#x2122; podesna je i kod spremanja opreme i za radne uvijete.\u2026 <a class=\"continue-reading-link\" href=\"https:\/\/cortecros.com\/hr\/product\/vpci-corrlube-grease\/\">nastavi \u010ditati<\/a><\/p>\n","protected":false},"featured_media":0,"template":"","meta":{"ngg_post_thumbnail":0,"_links_to":"","_links_to_target":""},"product_brand":[],"product_cat":[35],"product_tag":[],"class_list":{"0":"post-4179","1":"product","2":"type-product","3":"status-publish","5":"product_cat-vpci-proizvodi-za-obradu-metala","7":"first","8":"instock","9":"shipping-taxable","10":"product-type-simple"},"_links":{"self":[{"href":"https:\/\/cortecros.com\/hr\/wp-json\/wp\/v2\/product\/4179","targetHints":{"allow":["GET"]}}],"collection":[{"href":"https:\/\/cortecros.com\/hr\/wp-json\/wp\/v2\/product"}],"about":[{"href":"https:\/\/cortecros.com\/hr\/wp-json\/wp\/v2\/types\/product"}],"wp:attachment":[{"href":"https:\/\/cortecros.com\/hr\/wp-json\/wp\/v2\/media?parent=4179"}],"wp:term":[{"taxonomy":"product_brand","embeddable":true,"href":"https:\/\/cortecros.com\/hr\/wp-json\/wp\/v2\/product_brand?post=4179"},{"taxonomy":"product_cat","embeddable":true,"href":"https:\/\/cortecros.com\/hr\/wp-json\/wp\/v2\/product_cat?post=4179"},{"taxonomy":"product_tag","embeddable":true,"href":"https:\/\/cortecros.com\/hr\/wp-json\/wp\/v2\/product_tag?post=4179"}],"curies":[{"name":"wp","href":"https:\/\/api.w.org\/{rel}","templated":true}]}}