{"id":4180,"date":"2017-05-17T15:09:07","date_gmt":"2017-05-17T15:09:07","guid":{"rendered":"https:\/\/cortecros.com\/product\/corrlube-hidraulicno-ulje\/"},"modified":"2017-05-17T15:09:07","modified_gmt":"2017-05-17T15:09:07","slug":"corrlube-hidraulicno-ulje","status":"publish","type":"product","link":"https:\/\/cortecros.com\/hr\/product\/corrlube-hidraulicno-ulje\/","title":{"rendered":"CorrLube Hidrauli\u010dno ulje"},"content":{"rendered":"<p>Sinteti\u010dko ulje za automobilske ko\u010dnice, dijelove motora, pumpe, le\u017eajeve itd. Pru\u017ea izvrsnu za\u0161titu od korozije.<br \/>\n<b>Pakiranje:\u00a0<\/b>0,47 l boce, 19 l, ba\u010dva 208 l.<\/p>\n","protected":false},"excerpt":{"rendered":"<p>Sinteti\u010dko ulje za automobilske ko\u010dnice, dijelove motora, pumpe, le\u017eajeve itd. Pru\u017ea izvrsnu za\u0161titu od korozije. Pakiranje:\u00a00,47 l boce, 19 l, ba\u010dva 208 l. <a class=\"continue-reading-link\" href=\"https:\/\/cortecros.com\/hr\/product\/corrlube-hidraulicno-ulje\/\">nastavi \u010ditati<\/a><\/p>\n","protected":false},"featured_media":0,"template":"","meta":{"ngg_post_thumbnail":0,"_links_to":"","_links_to_target":""},"product_brand":[],"product_cat":[35,41],"product_tag":[],"class_list":{"0":"post-4180","1":"product","2":"type-product","3":"status-publish","5":"product_cat-vpci-proizvodi-za-obradu-metala","6":"product_cat-vpci-ulja-i-masti","8":"first","9":"instock","10":"shipping-taxable","11":"product-type-simple"},"_links":{"self":[{"href":"https:\/\/cortecros.com\/hr\/wp-json\/wp\/v2\/product\/4180","targetHints":{"allow":["GET"]}}],"collection":[{"href":"https:\/\/cortecros.com\/hr\/wp-json\/wp\/v2\/product"}],"about":[{"href":"https:\/\/cortecros.com\/hr\/wp-json\/wp\/v2\/types\/product"}],"wp:attachment":[{"href":"https:\/\/cortecros.com\/hr\/wp-json\/wp\/v2\/media?parent=4180"}],"wp:term":[{"taxonomy":"product_brand","embeddable":true,"href":"https:\/\/cortecros.com\/hr\/wp-json\/wp\/v2\/product_brand?post=4180"},{"taxonomy":"product_cat","embeddable":true,"href":"https:\/\/cortecros.com\/hr\/wp-json\/wp\/v2\/product_cat?post=4180"},{"taxonomy":"product_tag","embeddable":true,"href":"https:\/\/cortecros.com\/hr\/wp-json\/wp\/v2\/product_tag?post=4180"}],"curies":[{"name":"wp","href":"https:\/\/api.w.org\/{rel}","templated":true}]}}