{"id":4182,"date":"2017-05-24T14:30:39","date_gmt":"2017-05-24T14:30:39","guid":{"rendered":"https:\/\/cortecros.com\/product\/corrlube-ulje-za-industrijske-mjenjace\/"},"modified":"2017-05-24T14:30:39","modified_gmt":"2017-05-24T14:30:39","slug":"corrlube-ulje-za-industrijske-mjenjace","status":"publish","type":"product","link":"https:\/\/cortecros.com\/hr\/product\/corrlube-ulje-za-industrijske-mjenjace\/","title":{"rendered":"CorrLube Ulje za industrijske mjenja\u010de"},"content":{"rendered":"<div>\n<div class=\"text_black11\">\n<p>Sinteti\u010dko ulje za podmazivanje \u0161irokog ranga otvorenih i zatvorenih prijenosnih ure\u0111aja (mjenja\u010dke kutije).<br \/>\nPru\u017ea izvrsnu za\u0161titu od korozije.<br \/>\n<b>Pakiranje:\u00a0<\/b>0,47 l boce, 19 l, ba\u010dva 208 l.<\/p>\n<\/div>\n<\/div>\n<div>\n<div><\/div>\n<div><\/div>\n<div><\/div>\n<\/div>\n","protected":false},"excerpt":{"rendered":"<p>Sinteti\u010dko ulje za podmazivanje \u0161irokog ranga otvorenih i zatvorenih prijenosnih ure\u0111aja (mjenja\u010dke kutije). Pru\u017ea izvrsnu za\u0161titu od korozije. Pakiranje:\u00a00,47 l boce, 19 l, ba\u010dva 208 l. <a class=\"continue-reading-link\" href=\"https:\/\/cortecros.com\/hr\/product\/corrlube-ulje-za-industrijske-mjenjace\/\">nastavi \u010ditati<\/a><\/p>\n","protected":false},"featured_media":2804,"template":"","meta":{"ngg_post_thumbnail":0,"_links_to":"","_links_to_target":""},"product_brand":[],"product_cat":[41],"product_tag":[],"class_list":{"0":"post-4182","1":"product","2":"type-product","3":"status-publish","4":"has-post-thumbnail","6":"product_cat-vpci-ulja-i-masti","8":"first","9":"instock","10":"shipping-taxable","11":"product-type-simple"},"_links":{"self":[{"href":"https:\/\/cortecros.com\/hr\/wp-json\/wp\/v2\/product\/4182","targetHints":{"allow":["GET"]}}],"collection":[{"href":"https:\/\/cortecros.com\/hr\/wp-json\/wp\/v2\/product"}],"about":[{"href":"https:\/\/cortecros.com\/hr\/wp-json\/wp\/v2\/types\/product"}],"wp:featuredmedia":[{"embeddable":true,"href":"https:\/\/cortecros.com\/hr\/wp-json\/wp\/v2\/media\/2804"}],"wp:attachment":[{"href":"https:\/\/cortecros.com\/hr\/wp-json\/wp\/v2\/media?parent=4182"}],"wp:term":[{"taxonomy":"product_brand","embeddable":true,"href":"https:\/\/cortecros.com\/hr\/wp-json\/wp\/v2\/product_brand?post=4182"},{"taxonomy":"product_cat","embeddable":true,"href":"https:\/\/cortecros.com\/hr\/wp-json\/wp\/v2\/product_cat?post=4182"},{"taxonomy":"product_tag","embeddable":true,"href":"https:\/\/cortecros.com\/hr\/wp-json\/wp\/v2\/product_tag?post=4182"}],"curies":[{"name":"wp","href":"https:\/\/api.w.org\/{rel}","templated":true}]}}