{"id":4185,"date":"2017-05-24T14:59:39","date_gmt":"2017-05-24T14:59:39","guid":{"rendered":"https:\/\/cortecros.com\/product\/mci-architectural-coating\/"},"modified":"2017-05-24T14:59:39","modified_gmt":"2017-05-24T14:59:39","slug":"mci-architectural-coating","status":"publish","type":"product","link":"https:\/\/cortecros.com\/hr\/product\/mci-architectural-coating\/","title":{"rendered":"MCI Architectural Coating"},"content":{"rendered":"<p>Za\u0161titno-ukrasni premaz na bazi 1-k akrilatnog veziva u vodenoj disperziji sa sadr\u017eajem migriraju\u0107ih inhibitora korozije za za\u0161titu armature AB-konstrukcija. Premaz je otpran na atmosferilije, vlagu, slanu sredinu, smrzavice i topive soli, UV-rezistentan, te na temperaturu od -40\u00a0<sup>o<\/sup>C do 240\u00a0<sup>o<\/sup>C. Ima izvrsnu prionjivost za beton, \u010delik, \u017ebuku sl. Dostupan je kao bezbojan i u bojama po izboru.<br \/>\nPrekrivanje: 7 m<sup>2<\/sup>\/l za namaz debljine 0,1 mm.<br \/>\n<b>Pakiranje:<\/b>\u00a019 l i 208 l<\/p>\n<p><a href=\"https:\/\/cortecros.com\/wp-content\/uploads\/2019\/05\/MCI-Arhitectural-Coating.pdf\"><strong>Tehni\u010dki list proizvoda<\/strong><\/a><\/p>\n","protected":false},"excerpt":{"rendered":"<p>Za\u0161titno-ukrasni premaz na bazi 1-k akrilatnog veziva u vodenoj disperziji sa sadr\u017eajem migriraju\u0107ih inhibitora korozije za za\u0161titu armature AB-konstrukcija. Premaz je otpran na atmosferilije, vlagu, slanu sredinu, smrzavice i topive soli, UV-rezistentan, te na temperaturu od -40\u00a0oC do 240\u00a0oC. Ima izvrsnu prionjivost za beton, \u010delik, \u017ebuku sl. Dostupan je kao\u2026 <a class=\"continue-reading-link\" href=\"https:\/\/cortecros.com\/hr\/product\/mci-architectural-coating\/\">nastavi \u010ditati<\/a><\/p>\n","protected":false},"featured_media":34236,"template":"","meta":{"ngg_post_thumbnail":0,"_links_to":"","_links_to_target":""},"product_brand":[],"product_cat":[42],"product_tag":[],"class_list":{"0":"post-4185","1":"product","2":"type-product","3":"status-publish","4":"has-post-thumbnail","6":"product_cat-mci-proizvodi-za-graditeljstvo","8":"first","9":"instock","10":"shipping-taxable","11":"product-type-simple"},"_links":{"self":[{"href":"https:\/\/cortecros.com\/hr\/wp-json\/wp\/v2\/product\/4185","targetHints":{"allow":["GET"]}}],"collection":[{"href":"https:\/\/cortecros.com\/hr\/wp-json\/wp\/v2\/product"}],"about":[{"href":"https:\/\/cortecros.com\/hr\/wp-json\/wp\/v2\/types\/product"}],"wp:featuredmedia":[{"embeddable":true,"href":"https:\/\/cortecros.com\/hr\/wp-json\/wp\/v2\/media\/34236"}],"wp:attachment":[{"href":"https:\/\/cortecros.com\/hr\/wp-json\/wp\/v2\/media?parent=4185"}],"wp:term":[{"taxonomy":"product_brand","embeddable":true,"href":"https:\/\/cortecros.com\/hr\/wp-json\/wp\/v2\/product_brand?post=4185"},{"taxonomy":"product_cat","embeddable":true,"href":"https:\/\/cortecros.com\/hr\/wp-json\/wp\/v2\/product_cat?post=4185"},{"taxonomy":"product_tag","embeddable":true,"href":"https:\/\/cortecros.com\/hr\/wp-json\/wp\/v2\/product_tag?post=4185"}],"curies":[{"name":"wp","href":"https:\/\/api.w.org\/{rel}","templated":true}]}}