{"id":4188,"date":"2017-05-24T15:10:28","date_gmt":"2017-05-24T15:10:28","guid":{"rendered":"https:\/\/cortecros.com\/product\/mci-creteskin\/"},"modified":"2017-05-24T15:10:28","modified_gmt":"2017-05-24T15:10:28","slug":"mci-creteskin","status":"publish","type":"product","link":"https:\/\/cortecros.com\/hr\/product\/mci-creteskin\/","title":{"rendered":"MCI Creteskin"},"content":{"rendered":"<p>MCI Creteskin je jako industrijsko sredstvo za spre\u010davanje lijepljenje betona koje sadr\u017ei migriraju\u0107e inhibitore korozije<br \/>\n(MCI). MCI Creteskin dizajniran je za za\u0161titu opreme, vozila i alata u gra\u0111evinarstvu. Ovaj prozirni za\u0161titni premaz<br \/>\nspre\u010dava adheziju betona cementa, soli i drugih abraziva na obojene i neobojene metalne povr\u0161ine, te osigurava<br \/>\nza\u0161titu od korozije podvozja kamiona omogu\u0107uju\u0107i kontinuiranu i du\u017eu upotrebu.<br \/>\n<b>Pakiranje:<\/b>\u00a0MCI Creteskin pakira se u 19 litarske kanistre i 208 litarske ba\u010dve.<\/p>\n<p><a href=\"https:\/\/cortecros.com\/wp-content\/uploads\/2019\/05\/MCI-Creteskin.pdf\"><strong>Tehni\u010dki list proizvoda<\/strong><\/a><\/p>\n","protected":false},"excerpt":{"rendered":"<p>MCI Creteskin je jako industrijsko sredstvo za spre\u010davanje lijepljenje betona koje sadr\u017ei migriraju\u0107e inhibitore korozije (MCI). MCI Creteskin dizajniran je za za\u0161titu opreme, vozila i alata u gra\u0111evinarstvu. Ovaj prozirni za\u0161titni premaz spre\u010dava adheziju betona cementa, soli i drugih abraziva na obojene i neobojene metalne povr\u0161ine, te osigurava za\u0161titu od\u2026 <a class=\"continue-reading-link\" href=\"https:\/\/cortecros.com\/hr\/product\/mci-creteskin\/\">nastavi \u010ditati<\/a><\/p>\n","protected":false},"featured_media":0,"template":"","meta":{"ngg_post_thumbnail":0,"_links_to":"","_links_to_target":""},"product_brand":[],"product_cat":[42],"product_tag":[],"class_list":{"0":"post-4188","1":"product","2":"type-product","3":"status-publish","5":"product_cat-mci-proizvodi-za-graditeljstvo","7":"first","8":"instock","9":"shipping-taxable","10":"product-type-simple"},"_links":{"self":[{"href":"https:\/\/cortecros.com\/hr\/wp-json\/wp\/v2\/product\/4188","targetHints":{"allow":["GET"]}}],"collection":[{"href":"https:\/\/cortecros.com\/hr\/wp-json\/wp\/v2\/product"}],"about":[{"href":"https:\/\/cortecros.com\/hr\/wp-json\/wp\/v2\/types\/product"}],"wp:attachment":[{"href":"https:\/\/cortecros.com\/hr\/wp-json\/wp\/v2\/media?parent=4188"}],"wp:term":[{"taxonomy":"product_brand","embeddable":true,"href":"https:\/\/cortecros.com\/hr\/wp-json\/wp\/v2\/product_brand?post=4188"},{"taxonomy":"product_cat","embeddable":true,"href":"https:\/\/cortecros.com\/hr\/wp-json\/wp\/v2\/product_cat?post=4188"},{"taxonomy":"product_tag","embeddable":true,"href":"https:\/\/cortecros.com\/hr\/wp-json\/wp\/v2\/product_tag?post=4188"}],"curies":[{"name":"wp","href":"https:\/\/api.w.org\/{rel}","templated":true}]}}