{"id":4191,"date":"2017-05-24T14:57:05","date_gmt":"2017-05-24T14:57:05","guid":{"rendered":"https:\/\/cortecros.com\/product\/mci-galvacorr\/"},"modified":"2017-05-24T14:57:05","modified_gmt":"2017-05-24T14:57:05","slug":"mci-galvacorr","status":"publish","type":"product","link":"https:\/\/cortecros.com\/hr\/product\/mci-galvacorr\/","title":{"rendered":"MCI GalvaCorr"},"content":{"rendered":"<p>GalvaCorr<sup>TM<\/sup>\u00a0je 3-komp. PU-premaz bogat metalom koji otvrdnjava vlagom. GalvaCorr<sup>TM<\/sup>\u00a0je galvanski premaz za beton koji koristi \u017ertvuju\u0107i metal u cilju katodne za\u0161tite \u010deli\u010dne armature. GalvaCorr<sup>TM<\/sup>\u00a0je elektri\u010dni povezan sa armaturom i galvanski sprije\u010dava koroziju. Ovime se eliminira potreba za skupim vanjskim izvorom struje za korozijsku za\u0161titu. Premaz GalvaCorr<sup>TM<\/sup>\u00a0formuliran je dodacima koji pospje\u0161uju galvanske procese.<br \/>\nGalvaCorr<sup>TM<\/sup>\u00a0je superioran drugim galvanskim za\u0161titnim premazima u pogledu cijene i jednostavnosti\/lako\u0107e primjene. Mo\u017ee se ugra\u0111ivati \u0161trcanjem ili \u010detkom. Nano\u0161enje GalvaCorra<sup>TM<\/sup>\u00a0ne zahtijeva skupu pripremu povr\u0161ine. Priprema povr\u0161ine hidrodinami\u010dkim pranjem zadovoljava u ve\u0107ini slu\u010dajeva.<br \/>\n<b>Pakiranje:<\/b>\u00a0GalvaCorr<sup>TM\u00a0<\/sup>se isporu\u010duje u kompletima od 21 kg\/14,10 l<\/p>\n<p><a href=\"https:\/\/cortecros.com\/wp-content\/uploads\/2019\/05\/Galvacorr.pdf\"><strong>Tehni\u010dki list proizvoda<\/strong><\/a><\/p>\n","protected":false},"excerpt":{"rendered":"<p>GalvaCorrTM\u00a0je 3-komp. PU-premaz bogat metalom koji otvrdnjava vlagom. GalvaCorrTM\u00a0je galvanski premaz za beton koji koristi \u017ertvuju\u0107i metal u cilju katodne za\u0161tite \u010deli\u010dne armature. GalvaCorrTM\u00a0je elektri\u010dni povezan sa armaturom i galvanski sprije\u010dava koroziju. Ovime se eliminira potreba za skupim vanjskim izvorom struje za korozijsku za\u0161titu. Premaz GalvaCorrTM\u00a0formuliran je dodacima koji pospje\u0161uju\u2026 <a class=\"continue-reading-link\" href=\"https:\/\/cortecros.com\/hr\/product\/mci-galvacorr\/\">nastavi \u010ditati<\/a><\/p>\n","protected":false},"featured_media":0,"template":"","meta":{"ngg_post_thumbnail":0,"_links_to":"","_links_to_target":""},"product_brand":[],"product_cat":[42],"product_tag":[],"class_list":{"0":"post-4191","1":"product","2":"type-product","3":"status-publish","5":"product_cat-mci-proizvodi-za-graditeljstvo","7":"first","8":"instock","9":"shipping-taxable","10":"product-type-simple"},"_links":{"self":[{"href":"https:\/\/cortecros.com\/hr\/wp-json\/wp\/v2\/product\/4191","targetHints":{"allow":["GET"]}}],"collection":[{"href":"https:\/\/cortecros.com\/hr\/wp-json\/wp\/v2\/product"}],"about":[{"href":"https:\/\/cortecros.com\/hr\/wp-json\/wp\/v2\/types\/product"}],"wp:attachment":[{"href":"https:\/\/cortecros.com\/hr\/wp-json\/wp\/v2\/media?parent=4191"}],"wp:term":[{"taxonomy":"product_brand","embeddable":true,"href":"https:\/\/cortecros.com\/hr\/wp-json\/wp\/v2\/product_brand?post=4191"},{"taxonomy":"product_cat","embeddable":true,"href":"https:\/\/cortecros.com\/hr\/wp-json\/wp\/v2\/product_cat?post=4191"},{"taxonomy":"product_tag","embeddable":true,"href":"https:\/\/cortecros.com\/hr\/wp-json\/wp\/v2\/product_tag?post=4191"}],"curies":[{"name":"wp","href":"https:\/\/api.w.org\/{rel}","templated":true}]}}