{"id":4194,"date":"2017-05-24T15:49:00","date_gmt":"2017-05-24T15:49:00","guid":{"rendered":"https:\/\/cortecros.com\/product\/mci-grenades-mci-mini-grenades-patentirano\/"},"modified":"2017-05-24T15:49:00","modified_gmt":"2017-05-24T15:49:00","slug":"mci-grenades-mci-mini-grenades-patentirano","status":"publish","type":"product","link":"https:\/\/cortecros.com\/hr\/product\/mci-grenades-mci-mini-grenades-patentirano\/","title":{"rendered":"MCI Grenades &#038; MCI Mini Grenades, Patentirano"},"content":{"rendered":"<p>MCI Grenades sadr\u017ei migriraju\u0107e inhibitore korozije (MCI) u pra\u0161kastom stanju pakirane u vodotopivu PVA vre\u0107icu. MCI Grenades je vrlo prakti\u010dno za primjenu. Jedna vre\u0107ica od 650 g po kubnom metru betonske smjese osigurava odli\u010dnu za\u0161titu armature betona AB-konstrukcija.<br \/>\nMCI Mini Grenades je idealan za pripremu reparaturnih mortova. Jedna vre\u0107ica od 10g MCI Mini Grenades omogu\u0107uje za\u0161titu od korozije 0,015 m<sup>3<\/sup>.<br \/>\n<b>Pakiranje:<\/b>\u00a0MCI Grenades pakiranje je po 20 vre\u0107ica od 650 g po kartonu.<br \/>\nMCI Mini Grenades pakiranje je po 100 vre\u0107ica od 10 g po kartonu.<br \/>\nSkladi\u0161titi u prohladnom i suhom natkritom skladi\u0161tu. Rok upotrebe proizvoda je 12 mjeseci u zatvorenom originalnom pakiranju.<\/p>\n<p><a href=\"https:\/\/cortecros.com\/wp-content\/uploads\/2019\/05\/MCI-Mini-Grenades.pdf\"><strong>Tehni\u010dki list proizvoda<\/strong><\/a><\/p>\n","protected":false},"excerpt":{"rendered":"<p>MCI Grenades sadr\u017ei migriraju\u0107e inhibitore korozije (MCI) u pra\u0161kastom stanju pakirane u vodotopivu PVA vre\u0107icu. MCI Grenades je vrlo prakti\u010dno za primjenu. Jedna vre\u0107ica od 650 g po kubnom metru betonske smjese osigurava odli\u010dnu za\u0161titu armature betona AB-konstrukcija. MCI Mini Grenades je idealan za pripremu reparaturnih mortova. Jedna vre\u0107ica od\u2026 <a class=\"continue-reading-link\" href=\"https:\/\/cortecros.com\/hr\/product\/mci-grenades-mci-mini-grenades-patentirano\/\">nastavi \u010ditati<\/a><\/p>\n","protected":false},"featured_media":32324,"template":"","meta":{"ngg_post_thumbnail":0,"_links_to":"","_links_to_target":""},"product_brand":[],"product_cat":[42],"product_tag":[],"class_list":{"0":"post-4194","1":"product","2":"type-product","3":"status-publish","4":"has-post-thumbnail","6":"product_cat-mci-proizvodi-za-graditeljstvo","8":"first","9":"instock","10":"shipping-taxable","11":"product-type-simple"},"_links":{"self":[{"href":"https:\/\/cortecros.com\/hr\/wp-json\/wp\/v2\/product\/4194","targetHints":{"allow":["GET"]}}],"collection":[{"href":"https:\/\/cortecros.com\/hr\/wp-json\/wp\/v2\/product"}],"about":[{"href":"https:\/\/cortecros.com\/hr\/wp-json\/wp\/v2\/types\/product"}],"wp:featuredmedia":[{"embeddable":true,"href":"https:\/\/cortecros.com\/hr\/wp-json\/wp\/v2\/media\/32324"}],"wp:attachment":[{"href":"https:\/\/cortecros.com\/hr\/wp-json\/wp\/v2\/media?parent=4194"}],"wp:term":[{"taxonomy":"product_brand","embeddable":true,"href":"https:\/\/cortecros.com\/hr\/wp-json\/wp\/v2\/product_brand?post=4194"},{"taxonomy":"product_cat","embeddable":true,"href":"https:\/\/cortecros.com\/hr\/wp-json\/wp\/v2\/product_cat?post=4194"},{"taxonomy":"product_tag","embeddable":true,"href":"https:\/\/cortecros.com\/hr\/wp-json\/wp\/v2\/product_tag?post=4194"}],"curies":[{"name":"wp","href":"https:\/\/api.w.org\/{rel}","templated":true}]}}