{"id":4200,"date":"2017-05-24T15:50:37","date_gmt":"2017-05-24T15:50:37","guid":{"rendered":"https:\/\/cortecros.com\/product\/mci-skidajuci-premaz\/"},"modified":"2017-05-24T15:50:37","modified_gmt":"2017-05-24T15:50:37","slug":"mci-skidajuci-premaz","status":"publish","type":"product","link":"https:\/\/cortecros.com\/hr\/product\/mci-skidajuci-premaz\/","title":{"rendered":"MCI Skidaju\u0107i Premaz"},"content":{"rendered":"<p>MCI skidaju\u0107i premaz (PEEL-OFF COATING) je korozijski inhibiraju\u0107i lagano odvojivi premaz za za\u0161titu prozora, vrata i druge stolarije prije i tijekom ugradnje. Ovaj materijal \u0161titi podlogu na koju je nane\u0161en od mehani\u010dkih ogrebotina, habanja, urezivanja, od prljanja \u017ebukom i sl. Tako\u0111er pru\u017ea za\u0161titu od grafita i eventualnih oznaka u bojama za vrijeme gra\u0111evinskih radova. \u0160titi od mehani\u010dkih i korozijskih o\u0161te\u0107anja prozore, podove, zidove, stropove, lagane monta\u017ene elemenate i sl. MCI skidaju\u0107i premaz privremeno \u0161titi metalne povr\u0161ine od atmosferilija, soli i kemijski inducirane korozije.<br \/>\nPokrivanje: 10-12 m<sup>2<\/sup>\/l kod 50 mikrona-suhi premaz<br \/>\n<b>Pakiranje:<\/b>\u00a019 litara i 208 l<\/p>\n<p><a href=\"https:\/\/cortecros.com\/wp-content\/uploads\/2019\/05\/MCI-Skidajuci-premaz.pdf\"><strong>Tehni\u010dki list proizvoda<\/strong><\/a><\/p>\n","protected":false},"excerpt":{"rendered":"<p>MCI skidaju\u0107i premaz (PEEL-OFF COATING) je korozijski inhibiraju\u0107i lagano odvojivi premaz za za\u0161titu prozora, vrata i druge stolarije prije i tijekom ugradnje. Ovaj materijal \u0161titi podlogu na koju je nane\u0161en od mehani\u010dkih ogrebotina, habanja, urezivanja, od prljanja \u017ebukom i sl. Tako\u0111er pru\u017ea za\u0161titu od grafita i eventualnih oznaka u bojama\u2026 <a class=\"continue-reading-link\" href=\"https:\/\/cortecros.com\/hr\/product\/mci-skidajuci-premaz\/\">nastavi \u010ditati<\/a><\/p>\n","protected":false},"featured_media":0,"template":"","meta":{"ngg_post_thumbnail":0,"_links_to":"","_links_to_target":""},"product_brand":[],"product_cat":[42],"product_tag":[],"class_list":{"0":"post-4200","1":"product","2":"type-product","3":"status-publish","5":"product_cat-mci-proizvodi-za-graditeljstvo","7":"first","8":"instock","9":"shipping-taxable","10":"product-type-simple"},"_links":{"self":[{"href":"https:\/\/cortecros.com\/hr\/wp-json\/wp\/v2\/product\/4200","targetHints":{"allow":["GET"]}}],"collection":[{"href":"https:\/\/cortecros.com\/hr\/wp-json\/wp\/v2\/product"}],"about":[{"href":"https:\/\/cortecros.com\/hr\/wp-json\/wp\/v2\/types\/product"}],"wp:attachment":[{"href":"https:\/\/cortecros.com\/hr\/wp-json\/wp\/v2\/media?parent=4200"}],"wp:term":[{"taxonomy":"product_brand","embeddable":true,"href":"https:\/\/cortecros.com\/hr\/wp-json\/wp\/v2\/product_brand?post=4200"},{"taxonomy":"product_cat","embeddable":true,"href":"https:\/\/cortecros.com\/hr\/wp-json\/wp\/v2\/product_cat?post=4200"},{"taxonomy":"product_tag","embeddable":true,"href":"https:\/\/cortecros.com\/hr\/wp-json\/wp\/v2\/product_tag?post=4200"}],"curies":[{"name":"wp","href":"https:\/\/api.w.org\/{rel}","templated":true}]}}