{"id":4203,"date":"2017-05-24T15:58:27","date_gmt":"2017-05-24T15:58:27","guid":{"rendered":"https:\/\/cortecros.com\/product\/mci-2000\/"},"modified":"2017-05-24T15:58:27","modified_gmt":"2017-05-24T15:58:27","slug":"mci-2000","status":"publish","type":"product","link":"https:\/\/cortecros.com\/hr\/product\/mci-2000\/","title":{"rendered":"MCI-2000"},"content":{"rendered":"<p>Migracijski inhibitor korozije kao dodatak betonima i antikorozijskim sanacijsko-za\u0161titnim mortovima u cilju spre\u010davanja korozije armature u betonu. Dodaje se pri mje\u0161anju betona. Dozira se cca 0,6 l \/m<sup>3<\/sup>.<br \/>\n<b>Pakiranje:\u00a0<\/b>19 l i 208 l.<\/p>\n<p><a href=\"https:\/\/cortecros.com\/wp-content\/uploads\/2019\/05\/MCI-2000.pdf\"><strong>Tehni\u010dki list proizvoda<\/strong><\/a><\/p>\n","protected":false},"excerpt":{"rendered":"<p>Migracijski inhibitor korozije kao dodatak betonima i antikorozijskim sanacijsko-za\u0161titnim mortovima u cilju spre\u010davanja korozije armature u betonu. Dodaje se pri mje\u0161anju betona. Dozira se cca 0,6 l \/m3. Pakiranje:\u00a019 l i 208 l. Tehni\u010dki list proizvoda <a class=\"continue-reading-link\" href=\"https:\/\/cortecros.com\/hr\/product\/mci-2000\/\">nastavi \u010ditati<\/a><\/p>\n","protected":false},"featured_media":31798,"template":"","meta":{"ngg_post_thumbnail":0,"_links_to":"","_links_to_target":""},"product_brand":[],"product_cat":[42],"product_tag":[],"class_list":{"0":"post-4203","1":"product","2":"type-product","3":"status-publish","4":"has-post-thumbnail","6":"product_cat-mci-proizvodi-za-graditeljstvo","8":"first","9":"instock","10":"shipping-taxable","11":"product-type-simple"},"_links":{"self":[{"href":"https:\/\/cortecros.com\/hr\/wp-json\/wp\/v2\/product\/4203","targetHints":{"allow":["GET"]}}],"collection":[{"href":"https:\/\/cortecros.com\/hr\/wp-json\/wp\/v2\/product"}],"about":[{"href":"https:\/\/cortecros.com\/hr\/wp-json\/wp\/v2\/types\/product"}],"wp:featuredmedia":[{"embeddable":true,"href":"https:\/\/cortecros.com\/hr\/wp-json\/wp\/v2\/media\/31798"}],"wp:attachment":[{"href":"https:\/\/cortecros.com\/hr\/wp-json\/wp\/v2\/media?parent=4203"}],"wp:term":[{"taxonomy":"product_brand","embeddable":true,"href":"https:\/\/cortecros.com\/hr\/wp-json\/wp\/v2\/product_brand?post=4203"},{"taxonomy":"product_cat","embeddable":true,"href":"https:\/\/cortecros.com\/hr\/wp-json\/wp\/v2\/product_cat?post=4203"},{"taxonomy":"product_tag","embeddable":true,"href":"https:\/\/cortecros.com\/hr\/wp-json\/wp\/v2\/product_tag?post=4203"}],"curies":[{"name":"wp","href":"https:\/\/api.w.org\/{rel}","templated":true}]}}