{"id":4206,"date":"2017-05-24T16:00:56","date_gmt":"2017-05-24T16:00:56","guid":{"rendered":"https:\/\/cortecros.com\/product\/mci-2001-prah-patentirano\/"},"modified":"2019-05-08T11:29:54","modified_gmt":"2019-05-08T11:29:54","slug":"mci-2001-prah-patentirano","status":"publish","type":"product","link":"https:\/\/cortecros.com\/hr\/product\/mci-2001-prah-patentirano\/","title":{"rendered":"MCI-2001 Prah, patentirano"},"content":{"rendered":"<p>Pra\u0161kasti oblik MCI -2000. Sadr\u017ei mikrosiliku, a slu\u017ei kao dodatak novim betonskim smjesama, te za izradu za\u0161titnih i sanacijskih mortova, podljevnih mortova, injekcijskih masa, \u017ebuka i sl.<br \/>\nDoziranje 1,8 kg\/m<sup>3<\/sup>.<br \/>\n<b>Pakiranje:<\/b>\u00a022.7 kg i 45.5 kg.<\/p>\n<p><a href=\"https:\/\/cortecros.com\/wp-content\/uploads\/2019\/05\/MCI-2001.pdf\"><strong>Tehni\u010dki list proizvoda<\/strong><\/a><\/p>\n","protected":false},"excerpt":{"rendered":"<p>Pra\u0161kasti oblik MCI -2000. Sadr\u017ei mikrosiliku, a slu\u017ei kao dodatak novim betonskim smjesama, te za izradu za\u0161titnih i sanacijskih mortova, podljevnih mortova, injekcijskih masa, \u017ebuka i sl. Doziranje 1,8 kg\/m3. Pakiranje:\u00a022.7 kg i 45.5 kg. Tehni\u010dki list proizvoda <a class=\"continue-reading-link\" href=\"https:\/\/cortecros.com\/hr\/product\/mci-2001-prah-patentirano\/\">nastavi \u010ditati<\/a><\/p>\n","protected":false},"featured_media":32876,"template":"","meta":{"ngg_post_thumbnail":0,"_links_to":"","_links_to_target":""},"product_brand":[],"product_cat":[42],"product_tag":[],"class_list":{"0":"post-4206","1":"product","2":"type-product","3":"status-publish","4":"has-post-thumbnail","6":"product_cat-mci-proizvodi-za-graditeljstvo","8":"first","9":"instock","10":"shipping-taxable","11":"product-type-simple"},"_links":{"self":[{"href":"https:\/\/cortecros.com\/hr\/wp-json\/wp\/v2\/product\/4206","targetHints":{"allow":["GET"]}}],"collection":[{"href":"https:\/\/cortecros.com\/hr\/wp-json\/wp\/v2\/product"}],"about":[{"href":"https:\/\/cortecros.com\/hr\/wp-json\/wp\/v2\/types\/product"}],"wp:featuredmedia":[{"embeddable":true,"href":"https:\/\/cortecros.com\/hr\/wp-json\/wp\/v2\/media\/32876"}],"wp:attachment":[{"href":"https:\/\/cortecros.com\/hr\/wp-json\/wp\/v2\/media?parent=4206"}],"wp:term":[{"taxonomy":"product_brand","embeddable":true,"href":"https:\/\/cortecros.com\/hr\/wp-json\/wp\/v2\/product_brand?post=4206"},{"taxonomy":"product_cat","embeddable":true,"href":"https:\/\/cortecros.com\/hr\/wp-json\/wp\/v2\/product_cat?post=4206"},{"taxonomy":"product_tag","embeddable":true,"href":"https:\/\/cortecros.com\/hr\/wp-json\/wp\/v2\/product_tag?post=4206"}],"curies":[{"name":"wp","href":"https:\/\/api.w.org\/{rel}","templated":true}]}}