{"id":4209,"date":"2017-05-24T16:03:11","date_gmt":"2017-05-24T16:03:11","guid":{"rendered":"https:\/\/cortecros.com\/product\/mci-2005-patentirano\/"},"modified":"2022-08-04T08:15:23","modified_gmt":"2022-08-04T08:15:23","slug":"mci-2005-patentirano","status":"publish","type":"product","link":"https:\/\/cortecros.com\/hr\/product\/mci-2005-patentirano\/","title":{"rendered":"MCI-2005 Patentirano"},"content":{"rendered":"<p><span class=\"fontstyle0\">MCI\u00ae-2005 je organska smjesa na bazi vode, koja inhibira koroziju za za\u0161titu armature u betonskim konstrukcijama i usporava vezivanje betona. Kada se ugradi u beton, MCI-2005\u00ae tvori za\u0161titni, mono-molekularni sloj na ugra\u0111enoj armaturi betona i inhibira koroziju, te djeluje kao usporiva\u010d vezanja betona. U novogradnji to je kvantificirano pove\u0107anje kriti\u010dnog praga klorida, s naknadnim smanjenjem brzine korozije kad korozija zapo\u010dne. Kada se koristi sa \u017ebukama za popravak i injekcijskim smjesama, MCI\u00ae-2005 ne samo da \u0161titi armaturu unutar saniranog dijela, ve\u0107 mo\u017ee migrirati u neo\u0161te\u0107eni beton, kako bi za\u0161titio ve\u0107 postoje\u0107u armaturu. MCI\u00ae-2005 nagra\u0111en i dobio oznaku USA BioPreferred&#x2122; (<a href=\"https:\/\/www.biopreferred.gov\/BioPreferred\/\">www.biopreferred.gov<\/a>)\u00a0<\/span><\/p>\n<p><b>Pakiranje:<\/b> <span class=\"fontstyle0\">Dostupan u kanistrima od 19 litara, ba\u010dvama od 208 litara i IBC kontejnerima od 1000 litara. \u010cuvati podalje od izravne sun\u010deve svjetlosti i na temperaturi okoline, iznad 0\u00b0C i do 55\u00b0C. MCI\u00ae-2005 \u010duvati u originalnom pakiranju, rok trajanja 24 mjeseca.<\/span><\/p>\n<p><a href=\"https:\/\/cortecros.com\/wp-content\/uploads\/2021\/12\/MCI-2005-PDS-EU-verzija-na-HR.pdf\"><strong>Tehni\u010dki list proizvoda<\/strong><\/a><br \/>\n<a href=\"https:\/\/cortecros.com\/wp-content\/uploads\/2022\/08\/Cert-HR.pdf\"><strong>Certifikat<\/strong><\/a><br \/>\n<a href=\"https:\/\/cortecros.com\/wp-content\/uploads\/2022\/08\/Izjava-o-svojstvima.pdf\"><strong>Izjava o svojstvima<\/strong><\/a><\/p>\n","protected":false},"excerpt":{"rendered":"<p>MCI\u00ae-2005 je organska smjesa na bazi vode, koja inhibira koroziju za za\u0161titu armature u betonskim konstrukcijama i usporava vezivanje betona. Kada se ugradi u beton, MCI-2005\u00ae tvori za\u0161titni, mono-molekularni sloj na ugra\u0111enoj armaturi betona i inhibira koroziju, te djeluje kao usporiva\u010d vezanja betona. U novogradnji to je kvantificirano pove\u0107anje kriti\u010dnog\u2026 <a class=\"continue-reading-link\" href=\"https:\/\/cortecros.com\/hr\/product\/mci-2005-patentirano\/\">nastavi \u010ditati<\/a><\/p>\n","protected":false},"featured_media":32324,"template":"","meta":{"ngg_post_thumbnail":0,"_links_to":"","_links_to_target":""},"product_brand":[],"product_cat":[42],"product_tag":[],"class_list":{"0":"post-4209","1":"product","2":"type-product","3":"status-publish","4":"has-post-thumbnail","6":"product_cat-mci-proizvodi-za-graditeljstvo","8":"first","9":"instock","10":"shipping-taxable","11":"product-type-simple"},"_links":{"self":[{"href":"https:\/\/cortecros.com\/hr\/wp-json\/wp\/v2\/product\/4209","targetHints":{"allow":["GET"]}}],"collection":[{"href":"https:\/\/cortecros.com\/hr\/wp-json\/wp\/v2\/product"}],"about":[{"href":"https:\/\/cortecros.com\/hr\/wp-json\/wp\/v2\/types\/product"}],"wp:featuredmedia":[{"embeddable":true,"href":"https:\/\/cortecros.com\/hr\/wp-json\/wp\/v2\/media\/32324"}],"wp:attachment":[{"href":"https:\/\/cortecros.com\/hr\/wp-json\/wp\/v2\/media?parent=4209"}],"wp:term":[{"taxonomy":"product_brand","embeddable":true,"href":"https:\/\/cortecros.com\/hr\/wp-json\/wp\/v2\/product_brand?post=4209"},{"taxonomy":"product_cat","embeddable":true,"href":"https:\/\/cortecros.com\/hr\/wp-json\/wp\/v2\/product_cat?post=4209"},{"taxonomy":"product_tag","embeddable":true,"href":"https:\/\/cortecros.com\/hr\/wp-json\/wp\/v2\/product_tag?post=4209"}],"curies":[{"name":"wp","href":"https:\/\/api.w.org\/{rel}","templated":true}]}}