{"id":4212,"date":"2017-05-24T16:48:36","date_gmt":"2017-05-24T16:48:36","guid":{"rendered":"https:\/\/cortecros.com\/product\/mci-2006-migracijski-inhibitor-korozije-u-prahu-za-betone\/"},"modified":"2017-05-24T16:48:36","modified_gmt":"2017-05-24T16:48:36","slug":"mci-2006-migracijski-inhibitor-korozije-u-prahu-za-betone","status":"publish","type":"product","link":"https:\/\/cortecros.com\/hr\/product\/mci-2006-migracijski-inhibitor-korozije-u-prahu-za-betone\/","title":{"rendered":"MCI-2006 Migracijski inhibitor korozije u prahu za betone"},"content":{"rendered":"<p>Dodatak u prahu za sprije\u010davanje korozije u betonu, za\u0161titno-sanacijskim mortovima, podljevnim mortovima, izravnavaju\u0107im masama isl.<br \/>\nDoziranje:0,6 kg\/m<sup>3<\/sup><br \/>\n<b>Pakiranje:\u00a0<\/b>22.7 i 45.4 kg.<\/p>\n<p><a href=\"https:\/\/cortecros.com\/wp-content\/uploads\/2019\/05\/MCI-2006.pdf\"><strong>Tehni\u010dki list proizvoda<\/strong><\/a><\/p>\n","protected":false},"excerpt":{"rendered":"<p>Dodatak u prahu za sprije\u010davanje korozije u betonu, za\u0161titno-sanacijskim mortovima, podljevnim mortovima, izravnavaju\u0107im masama isl. Doziranje:0,6 kg\/m3 Pakiranje:\u00a022.7 i 45.4 kg. Tehni\u010dki list proizvoda <a class=\"continue-reading-link\" href=\"https:\/\/cortecros.com\/hr\/product\/mci-2006-migracijski-inhibitor-korozije-u-prahu-za-betone\/\">nastavi \u010ditati<\/a><\/p>\n","protected":false},"featured_media":0,"template":"","meta":{"ngg_post_thumbnail":0,"_links_to":"","_links_to_target":""},"product_brand":[],"product_cat":[42],"product_tag":[],"class_list":{"0":"post-4212","1":"product","2":"type-product","3":"status-publish","5":"product_cat-mci-proizvodi-za-graditeljstvo","7":"first","8":"instock","9":"shipping-taxable","10":"product-type-simple"},"_links":{"self":[{"href":"https:\/\/cortecros.com\/hr\/wp-json\/wp\/v2\/product\/4212","targetHints":{"allow":["GET"]}}],"collection":[{"href":"https:\/\/cortecros.com\/hr\/wp-json\/wp\/v2\/product"}],"about":[{"href":"https:\/\/cortecros.com\/hr\/wp-json\/wp\/v2\/types\/product"}],"wp:attachment":[{"href":"https:\/\/cortecros.com\/hr\/wp-json\/wp\/v2\/media?parent=4212"}],"wp:term":[{"taxonomy":"product_brand","embeddable":true,"href":"https:\/\/cortecros.com\/hr\/wp-json\/wp\/v2\/product_brand?post=4212"},{"taxonomy":"product_cat","embeddable":true,"href":"https:\/\/cortecros.com\/hr\/wp-json\/wp\/v2\/product_cat?post=4212"},{"taxonomy":"product_tag","embeddable":true,"href":"https:\/\/cortecros.com\/hr\/wp-json\/wp\/v2\/product_tag?post=4212"}],"curies":[{"name":"wp","href":"https:\/\/api.w.org\/{rel}","templated":true}]}}