{"id":4215,"date":"2017-05-24T16:47:18","date_gmt":"2017-05-24T16:47:18","guid":{"rendered":"https:\/\/cortecros.com\/product\/mci-2006-ns\/"},"modified":"2017-05-24T16:47:18","modified_gmt":"2017-05-24T16:47:18","slug":"mci-2006-ns","status":"publish","type":"product","link":"https:\/\/cortecros.com\/hr\/product\/mci-2006-ns\/","title":{"rendered":"MCI-2006 NS"},"content":{"rendered":"<p>MCI \u2013 2006 NS je pra\u0161kasti oblik inhibitora koji se u fazi mije\u0161anja dodaje betonima AB-konstrukcija i sanacijsko-za\u0161titnim mortovima u cilju za\u0161tite armature od korozije. MCI \u2013 2006 NS sadr\u017ei migracijski inhibitor korozije za za\u0161titu armaturnog i galvaniziranog \u010delika te drugih metala u betonima od korozije uzrokovane kloridima, karbonatizacijom i agresivnim kiselim atmosferilijama i otopinama.<br \/>\nDoziranje: cca 0,6 kg\/m<sup>3<\/sup>\u00a0betona odnosno morta.<br \/>\n<b>Pakiranje:<\/b>\u00a0isporu\u010duje se u vre\u0107ama od 2,3 kg, i ba\u010dvama 23 kg i 45 kg.<\/p>\n<p><a href=\"https:\/\/cortecros.com\/wp-content\/uploads\/2019\/05\/MCI-2006NS.pdf\"><strong>Tehni\u010dki list proizvoda<\/strong><\/a><\/p>\n","protected":false},"excerpt":{"rendered":"<p>MCI \u2013 2006 NS je pra\u0161kasti oblik inhibitora koji se u fazi mije\u0161anja dodaje betonima AB-konstrukcija i sanacijsko-za\u0161titnim mortovima u cilju za\u0161tite armature od korozije. MCI \u2013 2006 NS sadr\u017ei migracijski inhibitor korozije za za\u0161titu armaturnog i galvaniziranog \u010delika te drugih metala u betonima od korozije uzrokovane kloridima, karbonatizacijom i\u2026 <a class=\"continue-reading-link\" href=\"https:\/\/cortecros.com\/hr\/product\/mci-2006-ns\/\">nastavi \u010ditati<\/a><\/p>\n","protected":false},"featured_media":32835,"template":"","meta":{"ngg_post_thumbnail":0,"_links_to":"","_links_to_target":""},"product_brand":[],"product_cat":[42],"product_tag":[],"class_list":{"0":"post-4215","1":"product","2":"type-product","3":"status-publish","4":"has-post-thumbnail","6":"product_cat-mci-proizvodi-za-graditeljstvo","8":"first","9":"instock","10":"shipping-taxable","11":"product-type-simple"},"_links":{"self":[{"href":"https:\/\/cortecros.com\/hr\/wp-json\/wp\/v2\/product\/4215","targetHints":{"allow":["GET"]}}],"collection":[{"href":"https:\/\/cortecros.com\/hr\/wp-json\/wp\/v2\/product"}],"about":[{"href":"https:\/\/cortecros.com\/hr\/wp-json\/wp\/v2\/types\/product"}],"wp:featuredmedia":[{"embeddable":true,"href":"https:\/\/cortecros.com\/hr\/wp-json\/wp\/v2\/media\/32835"}],"wp:attachment":[{"href":"https:\/\/cortecros.com\/hr\/wp-json\/wp\/v2\/media?parent=4215"}],"wp:term":[{"taxonomy":"product_brand","embeddable":true,"href":"https:\/\/cortecros.com\/hr\/wp-json\/wp\/v2\/product_brand?post=4215"},{"taxonomy":"product_cat","embeddable":true,"href":"https:\/\/cortecros.com\/hr\/wp-json\/wp\/v2\/product_cat?post=4215"},{"taxonomy":"product_tag","embeddable":true,"href":"https:\/\/cortecros.com\/hr\/wp-json\/wp\/v2\/product_tag?post=4215"}],"curies":[{"name":"wp","href":"https:\/\/api.w.org\/{rel}","templated":true}]}}