{"id":4224,"date":"2017-05-24T16:59:36","date_gmt":"2017-05-24T16:59:36","guid":{"rendered":"https:\/\/cortecros.com\/product\/mci-2018\/"},"modified":"2020-05-26T09:46:53","modified_gmt":"2020-05-26T09:46:53","slug":"mci-2018","status":"publish","type":"product","link":"https:\/\/cortecros.com\/hr\/product\/mci-2018\/","title":{"rendered":"MCI-2018"},"content":{"rendered":"<p>MCI-2018 Sealer na bazi silana sadr\u017ei migriraju\u0107e inhibitore korozije (MCI). MCI-2018 je proizvod sastavljen od<br \/>\nmalih molekula, koje omogu\u0107uju penetraciju u beton i osiguravaju potiskivanje vode kemijskom reakcijom sa<br \/>\nsupstratima cementa u okviru pogodne primjene.\u00a0Tretirane povr\u0161ine betona su potpuno paropropusne i<br \/>\nnjihova prirodna transmisija vlage nije poreme\u0107ena.<br \/>\n<b>Pakiranje:\u00a0<\/b>19 litara i metalne ba\u010dve od 208 litara.<\/p>\n<p><a href=\"https:\/\/cortecros.com\/wp-content\/uploads\/2020\/05\/MCI-2018_Sealer-v2.pdf\"><strong>Tehni\u010dki list proizvoda<\/strong><\/a><\/p>\n","protected":false},"excerpt":{"rendered":"<p>MCI-2018 Sealer na bazi silana sadr\u017ei migriraju\u0107e inhibitore korozije (MCI). MCI-2018 je proizvod sastavljen od malih molekula, koje omogu\u0107uju penetraciju u beton i osiguravaju potiskivanje vode kemijskom reakcijom sa supstratima cementa u okviru pogodne primjene.\u00a0Tretirane povr\u0161ine betona su potpuno paropropusne i njihova prirodna transmisija vlage nije poreme\u0107ena. Pakiranje:\u00a019 litara i\u2026 <a class=\"continue-reading-link\" href=\"https:\/\/cortecros.com\/hr\/product\/mci-2018\/\">nastavi \u010ditati<\/a><\/p>\n","protected":false},"featured_media":29775,"template":"","meta":{"ngg_post_thumbnail":0,"_links_to":"","_links_to_target":""},"product_brand":[],"product_cat":[42],"product_tag":[],"class_list":{"0":"post-4224","1":"product","2":"type-product","3":"status-publish","4":"has-post-thumbnail","6":"product_cat-mci-proizvodi-za-graditeljstvo","8":"first","9":"instock","10":"shipping-taxable","11":"product-type-simple"},"_links":{"self":[{"href":"https:\/\/cortecros.com\/hr\/wp-json\/wp\/v2\/product\/4224","targetHints":{"allow":["GET"]}}],"collection":[{"href":"https:\/\/cortecros.com\/hr\/wp-json\/wp\/v2\/product"}],"about":[{"href":"https:\/\/cortecros.com\/hr\/wp-json\/wp\/v2\/types\/product"}],"wp:featuredmedia":[{"embeddable":true,"href":"https:\/\/cortecros.com\/hr\/wp-json\/wp\/v2\/media\/29775"}],"wp:attachment":[{"href":"https:\/\/cortecros.com\/hr\/wp-json\/wp\/v2\/media?parent=4224"}],"wp:term":[{"taxonomy":"product_brand","embeddable":true,"href":"https:\/\/cortecros.com\/hr\/wp-json\/wp\/v2\/product_brand?post=4224"},{"taxonomy":"product_cat","embeddable":true,"href":"https:\/\/cortecros.com\/hr\/wp-json\/wp\/v2\/product_cat?post=4224"},{"taxonomy":"product_tag","embeddable":true,"href":"https:\/\/cortecros.com\/hr\/wp-json\/wp\/v2\/product_tag?post=4224"}],"curies":[{"name":"wp","href":"https:\/\/api.w.org\/{rel}","templated":true}]}}