{"id":4227,"date":"2017-05-24T17:10:01","date_gmt":"2017-05-24T17:10:01","guid":{"rendered":"https:\/\/cortecros.com\/product\/mci-2020-migracijski-inhibitor-za-postojece-betonske-konstrukcije\/"},"modified":"2022-08-17T09:41:07","modified_gmt":"2022-08-17T09:41:07","slug":"mci-2020-migracijski-inhibitor-za-postojece-betonske-konstrukcije","status":"publish","type":"product","link":"https:\/\/cortecros.com\/hr\/product\/mci-2020-migracijski-inhibitor-za-postojece-betonske-konstrukcije\/","title":{"rendered":"MCI-2020 Prah &#8211; Migracijski inhibitor za postoje\u0107e betonske konstrukcije"},"content":{"rendered":"<p>MCI-2020 POWDER je pra\u0161kasti u vodi topivi migracijski korozijski inhibitor na bazi amina koji u vidu impregnacije slu\u017ei za obradu (horizontalnih) betonskih povr\u0161ina u cilju za\u0161tite armature od korozije. \u0160titi \u010deli\u010dnu armaturu od korozije uklju\u010divo galvanizirani \u010delik i aluminij. Jedinstvena karakteristika MCI \u2013 2020 je da reducira koroziju armature i tako produ\u017eava \u017eivotni vijek AB-konstrucija.<br \/>\nSpecijalna formulacija inhibitora je MCI \u2013 2020 V\/O POWDER koji se koristi za obradu kosih i vertikalnih povr\u0161ina.<br \/>\n<b>Pakiranje:\u00a0<\/b>ba\u010dva 45,3 kg<br \/>\nPotro\u0161nja: 0.2 kg praha za 3,7 m<sup>2<\/sup><\/p>\n<p><a href=\"https:\/\/cortecros.com\/wp-content\/uploads\/2019\/05\/MCI-20202020-VO-prah.pdf\"><strong>Tehni\u010dki list proizvoda<\/strong><\/a><\/p>\n","protected":false},"excerpt":{"rendered":"<p>MCI-2020 POWDER je pra\u0161kasti u vodi topivi migracijski korozijski inhibitor na bazi amina koji u vidu impregnacije slu\u017ei za obradu (horizontalnih) betonskih povr\u0161ina u cilju za\u0161tite armature od korozije. \u0160titi \u010deli\u010dnu armaturu od korozije uklju\u010divo galvanizirani \u010delik i aluminij. Jedinstvena karakteristika MCI \u2013 2020 je da reducira koroziju armature i\u2026 <a class=\"continue-reading-link\" href=\"https:\/\/cortecros.com\/hr\/product\/mci-2020-migracijski-inhibitor-za-postojece-betonske-konstrukcije\/\">nastavi \u010ditati<\/a><\/p>\n","protected":false},"featured_media":30062,"template":"","meta":{"ngg_post_thumbnail":0,"_links_to":"","_links_to_target":""},"product_brand":[],"product_cat":[42],"product_tag":[],"class_list":{"0":"post-4227","1":"product","2":"type-product","3":"status-publish","4":"has-post-thumbnail","6":"product_cat-mci-proizvodi-za-graditeljstvo","8":"first","9":"instock","10":"shipping-taxable","11":"product-type-simple"},"_links":{"self":[{"href":"https:\/\/cortecros.com\/hr\/wp-json\/wp\/v2\/product\/4227","targetHints":{"allow":["GET"]}}],"collection":[{"href":"https:\/\/cortecros.com\/hr\/wp-json\/wp\/v2\/product"}],"about":[{"href":"https:\/\/cortecros.com\/hr\/wp-json\/wp\/v2\/types\/product"}],"wp:featuredmedia":[{"embeddable":true,"href":"https:\/\/cortecros.com\/hr\/wp-json\/wp\/v2\/media\/30062"}],"wp:attachment":[{"href":"https:\/\/cortecros.com\/hr\/wp-json\/wp\/v2\/media?parent=4227"}],"wp:term":[{"taxonomy":"product_brand","embeddable":true,"href":"https:\/\/cortecros.com\/hr\/wp-json\/wp\/v2\/product_brand?post=4227"},{"taxonomy":"product_cat","embeddable":true,"href":"https:\/\/cortecros.com\/hr\/wp-json\/wp\/v2\/product_cat?post=4227"},{"taxonomy":"product_tag","embeddable":true,"href":"https:\/\/cortecros.com\/hr\/wp-json\/wp\/v2\/product_tag?post=4227"}],"curies":[{"name":"wp","href":"https:\/\/api.w.org\/{rel}","templated":true}]}}