{"id":4233,"date":"2017-05-24T17:17:33","date_gmt":"2017-05-24T17:17:33","guid":{"rendered":"https:\/\/cortecros.com\/product\/mci-2022\/"},"modified":"2017-05-24T17:17:33","modified_gmt":"2017-05-24T17:17:33","slug":"mci-2022","status":"publish","type":"product","link":"https:\/\/cortecros.com\/hr\/product\/mci-2022\/","title":{"rendered":"MCI-2022"},"content":{"rendered":"<p>MCI-2022 je penetriraju\u0107i, propusni vodoodbojni proizvod za beton, opeku i zidane konstrukcije. Sastoji se emulzije siloxana i migriraju\u0107ih korozijskih inhibitora. Inicijalna reakcija siloxana je prodiranje u beton i stvaranje vodoodbojnih molekula. Novonastala tvar pove\u0107ava gusto\u0107u betona, zatvara povr\u0161inske pore te sprije\u010dava prodor klorida i razvijanje procesa karbonizacije. Tretirana betonska povr\u0161ina ima potpunu mogu\u0107nost disanja.<br \/>\nPotro\u0161nja:3.0 \u2013 4.2 m<sup>2<\/sup>\/litra.<br \/>\n<b>Pakiranje:<\/b>\u00a019 l i 208 l<\/p>\n<p><a href=\"https:\/\/cortecros.com\/wp-content\/uploads\/2019\/05\/MCI-2022.pdf\"><strong>Tehni\u010dki list proizvoda<\/strong><\/a><\/p>\n","protected":false},"excerpt":{"rendered":"<p>MCI-2022 je penetriraju\u0107i, propusni vodoodbojni proizvod za beton, opeku i zidane konstrukcije. Sastoji se emulzije siloxana i migriraju\u0107ih korozijskih inhibitora. Inicijalna reakcija siloxana je prodiranje u beton i stvaranje vodoodbojnih molekula. Novonastala tvar pove\u0107ava gusto\u0107u betona, zatvara povr\u0161inske pore te sprije\u010dava prodor klorida i razvijanje procesa karbonizacije. Tretirana betonska povr\u0161ina\u2026 <a class=\"continue-reading-link\" href=\"https:\/\/cortecros.com\/hr\/product\/mci-2022\/\">nastavi \u010ditati<\/a><\/p>\n","protected":false},"featured_media":0,"template":"","meta":{"ngg_post_thumbnail":0,"_links_to":"","_links_to_target":""},"product_brand":[],"product_cat":[42],"product_tag":[],"class_list":{"0":"post-4233","1":"product","2":"type-product","3":"status-publish","5":"product_cat-mci-proizvodi-za-graditeljstvo","7":"first","8":"instock","9":"shipping-taxable","10":"product-type-simple"},"_links":{"self":[{"href":"https:\/\/cortecros.com\/hr\/wp-json\/wp\/v2\/product\/4233","targetHints":{"allow":["GET"]}}],"collection":[{"href":"https:\/\/cortecros.com\/hr\/wp-json\/wp\/v2\/product"}],"about":[{"href":"https:\/\/cortecros.com\/hr\/wp-json\/wp\/v2\/types\/product"}],"wp:attachment":[{"href":"https:\/\/cortecros.com\/hr\/wp-json\/wp\/v2\/media?parent=4233"}],"wp:term":[{"taxonomy":"product_brand","embeddable":true,"href":"https:\/\/cortecros.com\/hr\/wp-json\/wp\/v2\/product_brand?post=4233"},{"taxonomy":"product_cat","embeddable":true,"href":"https:\/\/cortecros.com\/hr\/wp-json\/wp\/v2\/product_cat?post=4233"},{"taxonomy":"product_tag","embeddable":true,"href":"https:\/\/cortecros.com\/hr\/wp-json\/wp\/v2\/product_tag?post=4233"}],"curies":[{"name":"wp","href":"https:\/\/api.w.org\/{rel}","templated":true}]}}