{"id":4236,"date":"2017-05-24T17:18:45","date_gmt":"2017-05-24T17:18:45","guid":{"rendered":"https:\/\/cortecros.com\/product\/mci-2023-premaz-za-armaturu-s-migrirajucim-inhibitorima\/"},"modified":"2017-05-24T17:18:45","modified_gmt":"2017-05-24T17:18:45","slug":"mci-2023-premaz-za-armaturu-s-migrirajucim-inhibitorima","status":"publish","type":"product","link":"https:\/\/cortecros.com\/hr\/product\/mci-2023-premaz-za-armaturu-s-migrirajucim-inhibitorima\/","title":{"rendered":"MCI-2023 Premaz za armaturu s migriraju\u0107im inhibitorima"},"content":{"rendered":"<p>2-komp AKZ-premaz na bazi PC-veziva sa sadr\u017eajem MCI-inhibitora koji se u obliku paste\/premaza nanosi na o\u010di\u0161\u0107enu \u010deli\u010dnu armaturu u cilju za\u0161tite od korozije.<br \/>\n<b>Pakiranje:\u00a0<\/b>12 kg (prah) i 5 kg (smola).<\/p>\n<p><a href=\"https:\/\/cortecros.com\/wp-content\/uploads\/2019\/05\/MCI-2023.pdf\"><strong>Tehni\u010dki list proizvoda<\/strong><\/a><\/p>\n","protected":false},"excerpt":{"rendered":"<p>2-komp AKZ-premaz na bazi PC-veziva sa sadr\u017eajem MCI-inhibitora koji se u obliku paste\/premaza nanosi na o\u010di\u0161\u0107enu \u010deli\u010dnu armaturu u cilju za\u0161tite od korozije. Pakiranje:\u00a012 kg (prah) i 5 kg (smola). Tehni\u010dki list proizvoda <a class=\"continue-reading-link\" href=\"https:\/\/cortecros.com\/hr\/product\/mci-2023-premaz-za-armaturu-s-migrirajucim-inhibitorima\/\">nastavi \u010ditati<\/a><\/p>\n","protected":false},"featured_media":0,"template":"","meta":{"ngg_post_thumbnail":0,"_links_to":"","_links_to_target":""},"product_brand":[],"product_cat":[42],"product_tag":[],"class_list":{"0":"post-4236","1":"product","2":"type-product","3":"status-publish","5":"product_cat-mci-proizvodi-za-graditeljstvo","7":"first","8":"instock","9":"shipping-taxable","10":"product-type-simple"},"_links":{"self":[{"href":"https:\/\/cortecros.com\/hr\/wp-json\/wp\/v2\/product\/4236","targetHints":{"allow":["GET"]}}],"collection":[{"href":"https:\/\/cortecros.com\/hr\/wp-json\/wp\/v2\/product"}],"about":[{"href":"https:\/\/cortecros.com\/hr\/wp-json\/wp\/v2\/types\/product"}],"wp:attachment":[{"href":"https:\/\/cortecros.com\/hr\/wp-json\/wp\/v2\/media?parent=4236"}],"wp:term":[{"taxonomy":"product_brand","embeddable":true,"href":"https:\/\/cortecros.com\/hr\/wp-json\/wp\/v2\/product_brand?post=4236"},{"taxonomy":"product_cat","embeddable":true,"href":"https:\/\/cortecros.com\/hr\/wp-json\/wp\/v2\/product_cat?post=4236"},{"taxonomy":"product_tag","embeddable":true,"href":"https:\/\/cortecros.com\/hr\/wp-json\/wp\/v2\/product_tag?post=4236"}],"curies":[{"name":"wp","href":"https:\/\/api.w.org\/{rel}","templated":true}]}}