{"id":4239,"date":"2017-05-24T17:20:52","date_gmt":"2017-05-24T17:20:52","guid":{"rendered":"https:\/\/cortecros.com\/product\/mci-2025-primer\/"},"modified":"2017-05-24T17:20:52","modified_gmt":"2017-05-24T17:20:52","slug":"mci-2025-primer","status":"publish","type":"product","link":"https:\/\/cortecros.com\/hr\/product\/mci-2025-primer\/","title":{"rendered":"MCI-2025 Primer"},"content":{"rendered":"<p>MCI \u2013 2025 PRIMER je 2-k prednamaz za MCI \u2013 2025-elastomerni premaz. Komponenta A\/prah mije\u0161a se sa komponentom B\/teku\u0107ina tvore\u0107i kopolimernu akrilatnu vodenu disperziju. Obrada povr\u0161ine betona sa MCI-2025 PRIMER spre\u010dava pojavu mjehuri\u0107a u sloju premaza MCI \u2013 2025.<br \/>\nMCI \u2013 2025 PRIMER tako\u0111er sadr\u017ei MCI \u2013 inhibitor. Zatvara porozitet betonske povr\u0161ine prije ugradnje elastomernog premaza MCI-2025. Pove\u0107ava prionljivost elastomernog premaza MCI-2025 za podlogu.<br \/>\nPokrivnost: 75 \u2013 125 m<sup>2<\/sup>\/15kg (komplet)<br \/>\n<b>Pakiranje:\u00a0<\/b>&#8211; Komponenta A\/prah isporu\u010duje se u vre\u0107icama sadr\u017eaja 5 kg.<br \/>\n&#8211; Komponenta B\/teku\u0107ina isporu\u010duje se u posudama od 10 kg.<\/p>\n<p><a href=\"https:\/\/cortecros.com\/wp-content\/uploads\/2019\/05\/MCI-2025-Primer.pdf\"><strong>Tehni\u010dki list proizvoda<\/strong><\/a><\/p>\n","protected":false},"excerpt":{"rendered":"<p>MCI \u2013 2025 PRIMER je 2-k prednamaz za MCI \u2013 2025-elastomerni premaz. Komponenta A\/prah mije\u0161a se sa komponentom B\/teku\u0107ina tvore\u0107i kopolimernu akrilatnu vodenu disperziju. Obrada povr\u0161ine betona sa MCI-2025 PRIMER spre\u010dava pojavu mjehuri\u0107a u sloju premaza MCI \u2013 2025. MCI \u2013 2025 PRIMER tako\u0111er sadr\u017ei MCI \u2013 inhibitor. Zatvara porozitet\u2026 <a class=\"continue-reading-link\" href=\"https:\/\/cortecros.com\/hr\/product\/mci-2025-primer\/\">nastavi \u010ditati<\/a><\/p>\n","protected":false},"featured_media":0,"template":"","meta":{"ngg_post_thumbnail":0,"_links_to":"","_links_to_target":""},"product_brand":[],"product_cat":[42],"product_tag":[],"class_list":{"0":"post-4239","1":"product","2":"type-product","3":"status-publish","5":"product_cat-mci-proizvodi-za-graditeljstvo","7":"first","8":"instock","9":"shipping-taxable","10":"product-type-simple"},"_links":{"self":[{"href":"https:\/\/cortecros.com\/hr\/wp-json\/wp\/v2\/product\/4239","targetHints":{"allow":["GET"]}}],"collection":[{"href":"https:\/\/cortecros.com\/hr\/wp-json\/wp\/v2\/product"}],"about":[{"href":"https:\/\/cortecros.com\/hr\/wp-json\/wp\/v2\/types\/product"}],"wp:attachment":[{"href":"https:\/\/cortecros.com\/hr\/wp-json\/wp\/v2\/media?parent=4239"}],"wp:term":[{"taxonomy":"product_brand","embeddable":true,"href":"https:\/\/cortecros.com\/hr\/wp-json\/wp\/v2\/product_brand?post=4239"},{"taxonomy":"product_cat","embeddable":true,"href":"https:\/\/cortecros.com\/hr\/wp-json\/wp\/v2\/product_cat?post=4239"},{"taxonomy":"product_tag","embeddable":true,"href":"https:\/\/cortecros.com\/hr\/wp-json\/wp\/v2\/product_tag?post=4239"}],"curies":[{"name":"wp","href":"https:\/\/api.w.org\/{rel}","templated":true}]}}