{"id":4242,"date":"2017-05-24T17:24:15","date_gmt":"2017-05-24T17:24:15","guid":{"rendered":"https:\/\/cortecros.com\/product\/mci-2026-primer\/"},"modified":"2017-05-24T17:24:15","modified_gmt":"2017-05-24T17:24:15","slug":"mci-2026-primer","status":"publish","type":"product","link":"https:\/\/cortecros.com\/hr\/product\/mci-2026-primer\/","title":{"rendered":"MCI-2026 Primer"},"content":{"rendered":"<p>MCI-2026 PRIMER na bazi 2-k EP-veziva u vodenoj disperziji koji svojstvima nadma\u0161uje ve\u0107inu sustava na bazi otapala, bez mirisa je, bez zapaljivosti i hlapivih komponenti. MCI-2026 PRIMER zadovoljava USDA propise za primjenu u pogonima za preradu peradi i mesa koji su pod federalnom kontrolom. MCI-2026 PRIMER se isporu\u010duje bezbojan i mo\u017ee se bojiti obojenim pastama MCI-2026 HPCS. Mo\u017ee se koristiti kao dio (prednamaz) MCI-2026 SUSTAVA ZA PODOVE ili kao samostalna zavr\u0161na obloga.<br \/>\nPokrivnost: 6,14-8,60 m<sup>2<\/sup>\/l kod debljine 163-117 mikro m vla\u017enog filma.<br \/>\n<b>Pakiranje:<\/b>\u00a0624 l komplet; 56,7 l komplet; 22,7 l komplet; 11,4 l komplet i 2,8 l\/komplet.<\/p>\n<p><a href=\"https:\/\/cortecros.com\/wp-content\/uploads\/2019\/05\/MCI-2026-concrete-primer.pdf\"><strong>Tehni\u010dki list proizvoda<\/strong><\/a><\/p>\n","protected":false},"excerpt":{"rendered":"<p>MCI-2026 PRIMER na bazi 2-k EP-veziva u vodenoj disperziji koji svojstvima nadma\u0161uje ve\u0107inu sustava na bazi otapala, bez mirisa je, bez zapaljivosti i hlapivih komponenti. MCI-2026 PRIMER zadovoljava USDA propise za primjenu u pogonima za preradu peradi i mesa koji su pod federalnom kontrolom. MCI-2026 PRIMER se isporu\u010duje bezbojan i\u2026 <a class=\"continue-reading-link\" href=\"https:\/\/cortecros.com\/hr\/product\/mci-2026-primer\/\">nastavi \u010ditati<\/a><\/p>\n","protected":false},"featured_media":0,"template":"","meta":{"ngg_post_thumbnail":0,"_links_to":"","_links_to_target":""},"product_brand":[],"product_cat":[42],"product_tag":[],"class_list":{"0":"post-4242","1":"product","2":"type-product","3":"status-publish","5":"product_cat-mci-proizvodi-za-graditeljstvo","7":"first","8":"instock","9":"shipping-taxable","10":"product-type-simple"},"_links":{"self":[{"href":"https:\/\/cortecros.com\/hr\/wp-json\/wp\/v2\/product\/4242","targetHints":{"allow":["GET"]}}],"collection":[{"href":"https:\/\/cortecros.com\/hr\/wp-json\/wp\/v2\/product"}],"about":[{"href":"https:\/\/cortecros.com\/hr\/wp-json\/wp\/v2\/types\/product"}],"wp:attachment":[{"href":"https:\/\/cortecros.com\/hr\/wp-json\/wp\/v2\/media?parent=4242"}],"wp:term":[{"taxonomy":"product_brand","embeddable":true,"href":"https:\/\/cortecros.com\/hr\/wp-json\/wp\/v2\/product_brand?post=4242"},{"taxonomy":"product_cat","embeddable":true,"href":"https:\/\/cortecros.com\/hr\/wp-json\/wp\/v2\/product_cat?post=4242"},{"taxonomy":"product_tag","embeddable":true,"href":"https:\/\/cortecros.com\/hr\/wp-json\/wp\/v2\/product_tag?post=4242"}],"curies":[{"name":"wp","href":"https:\/\/api.w.org\/{rel}","templated":true}]}}