{"id":4245,"date":"2017-05-24T17:22:56","date_gmt":"2017-05-24T17:22:56","guid":{"rendered":"https:\/\/cortecros.com\/product\/mci-2026-premaz-za-podove\/"},"modified":"2017-05-24T17:22:56","modified_gmt":"2017-05-24T17:22:56","slug":"mci-2026-premaz-za-podove","status":"publish","type":"product","link":"https:\/\/cortecros.com\/hr\/product\/mci-2026-premaz-za-podove\/","title":{"rendered":"MCI-2026 Premaz za podove"},"content":{"rendered":"<p>MCI- 2026-FLOOR-COATING je bezotapalni 2-k NOVOLAC epoksidni premaz sa sadr\u017eajem 100% krutine, namjenjen za podru\u010dja izlo\u017eena visokom kemijskom i toplinskom optere\u0107enju. Zadovoljava sve zahtjeve USDA propisa za primjenu u pogonima za preradu peradi i i mesa pod nadzorom federalne inspekcije. MCI \u2013 2026-FLOOR-COATING isporu\u010duje se u transparentnom obliku koji se mo\u017ee bojiti sa pigmentiranom pastom MCI \u2013 2026 HPCS. Preporu\u010da se kao visokokvalitetna podna obloga za podru\u010dja izlo\u017eena te\u0161kom prometnom optere\u0107enju, utjecaju oplahivanja kemikalijama i\/ili povi\u0161enoj temperaturi.<br \/>\nPokrivnost: 3,06 m<sup>2<\/sup>\/l u vla\u017enom sloju kod debljine 279,4 \u2013 330,2 mikro m mokrog sloja (WFT)<br \/>\n<b>Pakiranje:\u00a0<\/b>2,27 L\/komplet; 19 L\/komplet; 47,3 L\/komplet; 522,3 L\/komplet<\/p>\n<p><a href=\"https:\/\/cortecros.com\/wp-content\/uploads\/2019\/05\/MCI-2026-Floor-Coating.pdf\"><strong>Tehni\u010dki list proizvoda<\/strong><\/a><\/p>\n","protected":false},"excerpt":{"rendered":"<p>MCI- 2026-FLOOR-COATING je bezotapalni 2-k NOVOLAC epoksidni premaz sa sadr\u017eajem 100% krutine, namjenjen za podru\u010dja izlo\u017eena visokom kemijskom i toplinskom optere\u0107enju. Zadovoljava sve zahtjeve USDA propisa za primjenu u pogonima za preradu peradi i i mesa pod nadzorom federalne inspekcije. MCI \u2013 2026-FLOOR-COATING isporu\u010duje se u transparentnom obliku koji se\u2026 <a class=\"continue-reading-link\" href=\"https:\/\/cortecros.com\/hr\/product\/mci-2026-premaz-za-podove\/\">nastavi \u010ditati<\/a><\/p>\n","protected":false},"featured_media":0,"template":"","meta":{"ngg_post_thumbnail":0,"_links_to":"","_links_to_target":""},"product_brand":[],"product_cat":[42],"product_tag":[],"class_list":{"0":"post-4245","1":"product","2":"type-product","3":"status-publish","5":"product_cat-mci-proizvodi-za-graditeljstvo","7":"first","8":"instock","9":"shipping-taxable","10":"product-type-simple"},"_links":{"self":[{"href":"https:\/\/cortecros.com\/hr\/wp-json\/wp\/v2\/product\/4245","targetHints":{"allow":["GET"]}}],"collection":[{"href":"https:\/\/cortecros.com\/hr\/wp-json\/wp\/v2\/product"}],"about":[{"href":"https:\/\/cortecros.com\/hr\/wp-json\/wp\/v2\/types\/product"}],"wp:attachment":[{"href":"https:\/\/cortecros.com\/hr\/wp-json\/wp\/v2\/media?parent=4245"}],"wp:term":[{"taxonomy":"product_brand","embeddable":true,"href":"https:\/\/cortecros.com\/hr\/wp-json\/wp\/v2\/product_brand?post=4245"},{"taxonomy":"product_cat","embeddable":true,"href":"https:\/\/cortecros.com\/hr\/wp-json\/wp\/v2\/product_cat?post=4245"},{"taxonomy":"product_tag","embeddable":true,"href":"https:\/\/cortecros.com\/hr\/wp-json\/wp\/v2\/product_tag?post=4245"}],"curies":[{"name":"wp","href":"https:\/\/api.w.org\/{rel}","templated":true}]}}