{"id":4248,"date":"2017-05-17T17:29:34","date_gmt":"2017-05-17T17:29:34","guid":{"rendered":"https:\/\/cortecros.com\/product\/mci-2026-sustav-za-podove\/"},"modified":"2020-04-06T09:12:12","modified_gmt":"2020-04-06T09:12:12","slug":"mci-2026-sustav-za-podove","status":"publish","type":"product","link":"https:\/\/cortecros.com\/hr\/product\/mci-2026-sustav-za-podove\/","title":{"rendered":"MCI-2026 Sustav za podove"},"content":{"rendered":"<p style=\"text-align: left;\">MCI-2026 FLOORING SYSTEM je podna obloga na bazi 2-k EP-veziva NOVOLAC namijenjena za najte\u017ee uvjete eksploatacije a sastoji se od: MCI\u20132026 CONCRETE PRIMER kao temeljnog premaza (jedan sloj) za zavr\u0161ni sloj podne obloge MCI-2026 FLOOR COATING ili kao samostalna podna obloga (dva sloja) na bazi 2-k EP-veziva u vodenoj disperziji koji svojim svojstvima nadma\u0161uje ve\u0107inu podnih obloga na bazi otapala, bez mirisa je, nezapaljiv i bez hlapivih sastojaka.<br \/>\nMCI-2026 CONCRETE PRIMER zadovoljava sve zahtjeve federalnih propisa USDA za primjenu u pogonima za preradu mesa. Isporu\u010duje se transparentan, u sivoj i drugim bojama.<\/p>\n<p style=\"text-align: left;\">MCI-2026 Concrete Primer upotrebljava se kao temeljni premaz za MCI-FLOOR COATING u podnom sustavu MCI-2026 FLOORIN SYSTEM ali i kao samostalna zavr\u0161na podna obloga. MCI \u2013 2026 FLOOR COATING na bazi 2-k EP-veziva NOVOLAC sa 100% sadr\u017eaja suhe tvari koristi se za najte\u017ee eksploatacijske uvjete kemijskog, mehani\u010dkog i toplinskog optere\u0107enja. MCI-2026 FLOOR COATING zadovoljava sve propise USDA podlo\u017ene federalnoj inspekciji u pogonima za preradu peradi i mesa. Isporu\u010duje se proziran te u sivoj i drugim bojama.<\/p>\n<p style=\"text-align: left;\"><strong>Va\u017ena napomena:<\/strong> MCI-2026 CONCRETE PRIMER treba biti potpuno suh prije nano\u0161enja slijede\u0107eg sloja. Temeljni premaz treba biti suh i \u010dist. Vrijeme potrebno za su\u0161enje varira ovisno o temperaturi i vla\u017enosti i otprilike iznosi 2-5 sati pri 24<span style=\"font-size: 13.3333px;\">\u00b0<\/span>C i 50% relativne vla\u017enosti zraka.<\/p>\n<p><a href=\"https:\/\/cortecros.com\/wp-content\/uploads\/2019\/05\/MCI-Sustav-za-podove.pdf\"><strong>Tehni\u010dki list proizvoda<\/strong><\/a><\/p>\n","protected":false},"excerpt":{"rendered":"<p>MCI-2026 FLOORING SYSTEM je podna obloga na bazi 2-k EP-veziva NOVOLAC namijenjena za najte\u017ee uvjete eksploatacije a sastoji se od: MCI\u20132026 CONCRETE PRIMER kao temeljnog premaza (jedan sloj) za zavr\u0161ni sloj podne obloge MCI-2026 FLOOR COATING ili kao samostalna podna obloga (dva sloja) na bazi 2-k EP-veziva u vodenoj disperziji\u2026 <a class=\"continue-reading-link\" href=\"https:\/\/cortecros.com\/hr\/product\/mci-2026-sustav-za-podove\/\">nastavi \u010ditati<\/a><\/p>\n","protected":false},"featured_media":29325,"template":"","meta":{"ngg_post_thumbnail":0,"_links_to":"","_links_to_target":""},"product_brand":[],"product_cat":[36],"product_tag":[],"class_list":{"0":"post-4248","1":"product","2":"type-product","3":"status-publish","4":"has-post-thumbnail","6":"product_cat-vpci-premazi-za-antikorozivnu-zastitu-i-konzervaciju-metala","8":"first","9":"instock","10":"shipping-taxable","11":"product-type-simple"},"_links":{"self":[{"href":"https:\/\/cortecros.com\/hr\/wp-json\/wp\/v2\/product\/4248","targetHints":{"allow":["GET"]}}],"collection":[{"href":"https:\/\/cortecros.com\/hr\/wp-json\/wp\/v2\/product"}],"about":[{"href":"https:\/\/cortecros.com\/hr\/wp-json\/wp\/v2\/types\/product"}],"wp:featuredmedia":[{"embeddable":true,"href":"https:\/\/cortecros.com\/hr\/wp-json\/wp\/v2\/media\/29325"}],"wp:attachment":[{"href":"https:\/\/cortecros.com\/hr\/wp-json\/wp\/v2\/media?parent=4248"}],"wp:term":[{"taxonomy":"product_brand","embeddable":true,"href":"https:\/\/cortecros.com\/hr\/wp-json\/wp\/v2\/product_brand?post=4248"},{"taxonomy":"product_cat","embeddable":true,"href":"https:\/\/cortecros.com\/hr\/wp-json\/wp\/v2\/product_cat?post=4248"},{"taxonomy":"product_tag","embeddable":true,"href":"https:\/\/cortecros.com\/hr\/wp-json\/wp\/v2\/product_tag?post=4248"}],"curies":[{"name":"wp","href":"https:\/\/api.w.org\/{rel}","templated":true}]}}