{"id":4260,"date":"2017-05-24T17:27:32","date_gmt":"2017-05-24T17:27:32","guid":{"rendered":"https:\/\/cortecros.com\/product\/mci-2039-reparaturni-mort\/"},"modified":"2017-05-24T17:27:32","modified_gmt":"2017-05-24T17:27:32","slug":"mci-2039-reparaturni-mort","status":"publish","type":"product","link":"https:\/\/cortecros.com\/hr\/product\/mci-2039-reparaturni-mort\/","title":{"rendered":"MCI-2039 Reparaturni mort"},"content":{"rendered":"<p>Reparaturni mort na bazi 2-k PC-veziva sa migriraju\u0107im inhibitorima korozije. Namjenjen za sanaciju i za\u0161titu AB-konstrukcija uklju\u0107ivo i za\u0161titu armature od korozije. MCI-2039 je reoplasti\u010dan, tiksotropan, kompenziranog skupljanja, visokih mehani\u010dkih \u010dvrsto\u010da, niskog modula elasti\u010dnosti, otporan na atmosferilije i vlagu uklju\u0107uju\u0107i i morsku klimu, smrzavice i topive soli, vodonepropustan a paropropusan. Nanosi se ru\u010dnim ili strojnim nabacivanjem u jednom sloju debljine 10-60 mm. Vi\u0161ekratnim nabacivanjem posti\u017eu se debljine i do 200-300 mm.<br \/>\n<b>Pakiranje:\u00a0<\/b>25 kg (vre\u0107e) i 5 kg (posude).<\/p>\n<p><a href=\"https:\/\/cortecros.com\/wp-content\/uploads\/2019\/05\/MCI-2039.pdf\"><strong>Tehni\u010dki list proizvoda<\/strong><\/a><\/p>\n","protected":false},"excerpt":{"rendered":"<p>Reparaturni mort na bazi 2-k PC-veziva sa migriraju\u0107im inhibitorima korozije. Namjenjen za sanaciju i za\u0161titu AB-konstrukcija uklju\u0107ivo i za\u0161titu armature od korozije. MCI-2039 je reoplasti\u010dan, tiksotropan, kompenziranog skupljanja, visokih mehani\u010dkih \u010dvrsto\u010da, niskog modula elasti\u010dnosti, otporan na atmosferilije i vlagu uklju\u0107uju\u0107i i morsku klimu, smrzavice i topive soli, vodonepropustan a paropropusan.\u2026 <a class=\"continue-reading-link\" href=\"https:\/\/cortecros.com\/hr\/product\/mci-2039-reparaturni-mort\/\">nastavi \u010ditati<\/a><\/p>\n","protected":false},"featured_media":32324,"template":"","meta":{"ngg_post_thumbnail":0,"_links_to":"","_links_to_target":""},"product_brand":[],"product_cat":[42],"product_tag":[],"class_list":{"0":"post-4260","1":"product","2":"type-product","3":"status-publish","4":"has-post-thumbnail","6":"product_cat-mci-proizvodi-za-graditeljstvo","8":"first","9":"instock","10":"shipping-taxable","11":"product-type-simple"},"_links":{"self":[{"href":"https:\/\/cortecros.com\/hr\/wp-json\/wp\/v2\/product\/4260","targetHints":{"allow":["GET"]}}],"collection":[{"href":"https:\/\/cortecros.com\/hr\/wp-json\/wp\/v2\/product"}],"about":[{"href":"https:\/\/cortecros.com\/hr\/wp-json\/wp\/v2\/types\/product"}],"wp:featuredmedia":[{"embeddable":true,"href":"https:\/\/cortecros.com\/hr\/wp-json\/wp\/v2\/media\/32324"}],"wp:attachment":[{"href":"https:\/\/cortecros.com\/hr\/wp-json\/wp\/v2\/media?parent=4260"}],"wp:term":[{"taxonomy":"product_brand","embeddable":true,"href":"https:\/\/cortecros.com\/hr\/wp-json\/wp\/v2\/product_brand?post=4260"},{"taxonomy":"product_cat","embeddable":true,"href":"https:\/\/cortecros.com\/hr\/wp-json\/wp\/v2\/product_cat?post=4260"},{"taxonomy":"product_tag","embeddable":true,"href":"https:\/\/cortecros.com\/hr\/wp-json\/wp\/v2\/product_tag?post=4260"}],"curies":[{"name":"wp","href":"https:\/\/api.w.org\/{rel}","templated":true}]}}