{"id":4268,"date":"2017-05-24T17:37:50","date_gmt":"2017-05-24T17:37:50","guid":{"rendered":"https:\/\/cortecros.com\/product\/mci-2241-mci-2242-vodonepropusni-premaz\/"},"modified":"2017-05-24T17:37:50","modified_gmt":"2017-05-24T17:37:50","slug":"mci-2241-mci-2242-vodonepropusni-premaz","status":"publish","type":"product","link":"https:\/\/cortecros.com\/hr\/product\/mci-2241-mci-2242-vodonepropusni-premaz\/","title":{"rendered":"MCI-2241 \/ MCI-2242 Vodonepropusni premaz"},"content":{"rendered":"<p>MCI-2241\/MCI-2242 su fleksibilne i paropropusne a vodonepropusne membrane na bazi jedinstvene kombinacije akrilatne emulzije, portland-cementa i finih vlakanaca. Koriste se kao vodonepropusni premazi svih tipova betonskih i zidanih konstrukcija ispod i iznad razizemlja kao na pr. temelja, zidanih zidova, balkona, parapeta, spremnika vode, fontana i sl. MCI-2241 je sive a MCI-2242 bijele boje. MCI-2241 i MCI-2242 formulirani su za hidroizolaciju podzemnih i nadzemnih betonskih i zidanih konstrukcija.<br \/>\nPOKRIVNOST: Jedno pakovanje od 15,2 litre (A\/8,71 litara = 2,3 galona B\/11,35 kg = 25 lb\/pound izmje\u0161ano daje 15,2 litre) pokriva 8 m<sup>2<\/sup>\u00a0povr\u0161ine debljine sloja 1,6 mm odnosno caa 1,19 l \/m<sup>2<\/sup>\u00a01mm.<br \/>\n<b>Pakiranje:\u00a0<\/b>MCI-2241\/MCI-2242: komponenta A isporu\u010duje se u kanistru od 8,71 litre a komponenta B u vre\u0107ama od 11,35 kg \u0161to daje komplet izmje\u0161anoga od 15,2 litre.<\/p>\n<p><a href=\"https:\/\/cortecros.com\/wp-content\/uploads\/2019\/05\/MCI-2241.pdf\"><strong>Tehni\u010dki list proizvoda<\/strong><\/a><\/p>\n","protected":false},"excerpt":{"rendered":"<p>MCI-2241\/MCI-2242 su fleksibilne i paropropusne a vodonepropusne membrane na bazi jedinstvene kombinacije akrilatne emulzije, portland-cementa i finih vlakanaca. Koriste se kao vodonepropusni premazi svih tipova betonskih i zidanih konstrukcija ispod i iznad razizemlja kao na pr. temelja, zidanih zidova, balkona, parapeta, spremnika vode, fontana i sl. MCI-2241 je sive a\u2026 <a class=\"continue-reading-link\" href=\"https:\/\/cortecros.com\/hr\/product\/mci-2241-mci-2242-vodonepropusni-premaz\/\">nastavi \u010ditati<\/a><\/p>\n","protected":false},"featured_media":0,"template":"","meta":{"ngg_post_thumbnail":0,"_links_to":"","_links_to_target":""},"product_brand":[],"product_cat":[42],"product_tag":[],"class_list":{"0":"post-4268","1":"product","2":"type-product","3":"status-publish","5":"product_cat-mci-proizvodi-za-graditeljstvo","7":"first","8":"instock","9":"shipping-taxable","10":"product-type-simple"},"_links":{"self":[{"href":"https:\/\/cortecros.com\/hr\/wp-json\/wp\/v2\/product\/4268","targetHints":{"allow":["GET"]}}],"collection":[{"href":"https:\/\/cortecros.com\/hr\/wp-json\/wp\/v2\/product"}],"about":[{"href":"https:\/\/cortecros.com\/hr\/wp-json\/wp\/v2\/types\/product"}],"wp:attachment":[{"href":"https:\/\/cortecros.com\/hr\/wp-json\/wp\/v2\/media?parent=4268"}],"wp:term":[{"taxonomy":"product_brand","embeddable":true,"href":"https:\/\/cortecros.com\/hr\/wp-json\/wp\/v2\/product_brand?post=4268"},{"taxonomy":"product_cat","embeddable":true,"href":"https:\/\/cortecros.com\/hr\/wp-json\/wp\/v2\/product_cat?post=4268"},{"taxonomy":"product_tag","embeddable":true,"href":"https:\/\/cortecros.com\/hr\/wp-json\/wp\/v2\/product_tag?post=4268"}],"curies":[{"name":"wp","href":"https:\/\/api.w.org\/{rel}","templated":true}]}}