{"id":4270,"date":"2017-05-24T18:26:26","date_gmt":"2017-05-24T18:26:26","guid":{"rendered":"https:\/\/cortecros.com\/product\/ecoair-vpci-414-cistac-i-odmascivac\/"},"modified":"2020-10-21T08:53:40","modified_gmt":"2020-10-21T08:53:40","slug":"ecoair-vpci-414-cistac-i-odmascivac","status":"publish","type":"product","link":"https:\/\/cortecros.com\/hr\/product\/ecoair-vpci-414-cistac-i-odmascivac\/","title":{"rendered":"EcoAir VpCI-414 \u010cista\u010d i odma\u0161\u010diva\u010d"},"content":{"rendered":"<p>\u010cista\u010d i odma\u0161\u0107iva\u010d na bazi vode, biorazgradiv. Prianja uz stropove i vertikalne povr\u0161ine na te\u0161ko dostupnim<br \/>\nmjestima. Nije zapaljiv.<br \/>\n<b>Pakiranje:<\/b>\u00a0369 g limenke, 12 kom u kartonu.<\/p>\n<p><a href=\"https:\/\/cortecros.com\/wp-content\/uploads\/2020\/10\/VpCI-414_hr.pdf\">Tehni\u010dki list proizvoda<\/a><\/p>\n","protected":false},"excerpt":{"rendered":"<p>\u010cista\u010d i odma\u0161\u0107iva\u010d na bazi vode, biorazgradiv. Prianja uz stropove i vertikalne povr\u0161ine na te\u0161ko dostupnim mjestima. Nije zapaljiv. Pakiranje:\u00a0369 g limenke, 12 kom u kartonu. Tehni\u010dki list proizvoda <a class=\"continue-reading-link\" href=\"https:\/\/cortecros.com\/hr\/product\/ecoair-vpci-414-cistac-i-odmascivac\/\">nastavi \u010ditati<\/a><\/p>\n","protected":false},"featured_media":0,"template":"","meta":{"ngg_post_thumbnail":0,"_links_to":"","_links_to_target":""},"product_brand":[],"product_cat":[43],"product_tag":[],"class_list":{"0":"post-4270","1":"product","2":"type-product","3":"status-publish","5":"product_cat-eco-line-proizvodi-sprejevi","7":"first","8":"instock","9":"shipping-taxable","10":"product-type-simple"},"_links":{"self":[{"href":"https:\/\/cortecros.com\/hr\/wp-json\/wp\/v2\/product\/4270","targetHints":{"allow":["GET"]}}],"collection":[{"href":"https:\/\/cortecros.com\/hr\/wp-json\/wp\/v2\/product"}],"about":[{"href":"https:\/\/cortecros.com\/hr\/wp-json\/wp\/v2\/types\/product"}],"wp:attachment":[{"href":"https:\/\/cortecros.com\/hr\/wp-json\/wp\/v2\/media?parent=4270"}],"wp:term":[{"taxonomy":"product_brand","embeddable":true,"href":"https:\/\/cortecros.com\/hr\/wp-json\/wp\/v2\/product_brand?post=4270"},{"taxonomy":"product_cat","embeddable":true,"href":"https:\/\/cortecros.com\/hr\/wp-json\/wp\/v2\/product_cat?post=4270"},{"taxonomy":"product_tag","embeddable":true,"href":"https:\/\/cortecros.com\/hr\/wp-json\/wp\/v2\/product_tag?post=4270"}],"curies":[{"name":"wp","href":"https:\/\/api.w.org\/{rel}","templated":true}]}}