{"id":4272,"date":"2017-05-23T18:28:13","date_gmt":"2017-05-23T18:28:13","guid":{"rendered":"https:\/\/cortecros.com\/product\/ecoair-vpci-423-odstranjivac-hrde-2\/"},"modified":"2017-05-23T18:28:13","modified_gmt":"2017-05-23T18:28:13","slug":"ecoair-vpci-423-odstranjivac-hrde-2","status":"publish","type":"product","link":"https:\/\/cortecros.com\/hr\/product\/ecoair-vpci-423-odstranjivac-hrde-2\/","title":{"rendered":"EcoAir VpCI-423 Odstranjiva\u010d hr\u0111e"},"content":{"rendered":"<p>Neotrovan odstranjiva\u010d hr\u0111e na bazi vode. Nakon otklanjanja hr\u0111e pru\u017ea za\u0161titu od korozije do 6 tjedana.<br \/>\nNije zapaljiv.<br \/>\n<b>Pakiranje:\u00a0<\/b>397 g limenke, 12 kom u kartonu.<\/p>\n","protected":false},"excerpt":{"rendered":"<p>Neotrovan odstranjiva\u010d hr\u0111e na bazi vode. Nakon otklanjanja hr\u0111e pru\u017ea za\u0161titu od korozije do 6 tjedana. Nije zapaljiv. Pakiranje:\u00a0397 g limenke, 12 kom u kartonu. <a class=\"continue-reading-link\" href=\"https:\/\/cortecros.com\/hr\/product\/ecoair-vpci-423-odstranjivac-hrde-2\/\">nastavi \u010ditati<\/a><\/p>\n","protected":false},"featured_media":0,"template":"","meta":{"ngg_post_thumbnail":0,"_links_to":"","_links_to_target":""},"product_brand":[],"product_cat":[39],"product_tag":[],"class_list":{"0":"post-4272","1":"product","2":"type-product","3":"status-publish","5":"product_cat-vpci-proizvodi-za-ciscenje-odmascivanje-i-pripremu-povrsine-metala","7":"first","8":"instock","9":"shipping-taxable","10":"product-type-simple"},"_links":{"self":[{"href":"https:\/\/cortecros.com\/hr\/wp-json\/wp\/v2\/product\/4272","targetHints":{"allow":["GET"]}}],"collection":[{"href":"https:\/\/cortecros.com\/hr\/wp-json\/wp\/v2\/product"}],"about":[{"href":"https:\/\/cortecros.com\/hr\/wp-json\/wp\/v2\/types\/product"}],"wp:attachment":[{"href":"https:\/\/cortecros.com\/hr\/wp-json\/wp\/v2\/media?parent=4272"}],"wp:term":[{"taxonomy":"product_brand","embeddable":true,"href":"https:\/\/cortecros.com\/hr\/wp-json\/wp\/v2\/product_brand?post=4272"},{"taxonomy":"product_cat","embeddable":true,"href":"https:\/\/cortecros.com\/hr\/wp-json\/wp\/v2\/product_cat?post=4272"},{"taxonomy":"product_tag","embeddable":true,"href":"https:\/\/cortecros.com\/hr\/wp-json\/wp\/v2\/product_tag?post=4272"}],"curies":[{"name":"wp","href":"https:\/\/api.w.org\/{rel}","templated":true}]}}