{"id":4275,"date":"2017-05-25T13:21:29","date_gmt":"2017-05-25T13:21:29","guid":{"rendered":"https:\/\/cortecros.com\/product\/bull-frog-sredstvo-za-ciscenje-odmascivanje-i-sprecavanje-korozije\/"},"modified":"2017-05-25T13:21:29","modified_gmt":"2017-05-25T13:21:29","slug":"bull-frog-sredstvo-za-ciscenje-odmascivanje-i-sprecavanje-korozije","status":"publish","type":"product","link":"https:\/\/cortecros.com\/hr\/product\/bull-frog-sredstvo-za-ciscenje-odmascivanje-i-sprecavanje-korozije\/","title":{"rendered":"Bull Frog Sredstvo za \u010di\u0161\u0107enje, odma\u0161\u0107ivanje i spre\u010davanje korozije"},"content":{"rendered":"<p>Najdjelotvornije sredstvo za \u010di\u0161\u0107enje i odma\u0161\u0107ivanje koje se danas mo\u017ee na\u0107i na tr\u017ei\u0161tu, a istovremeno \u0161titi sve metalne povr\u0161ine od korozije. Biorazgradiv je i bez fosfata.<br \/>\nPrimjena: strojevi, dijelovi motora, motocikli, poljodjelski alati, elektri\u010dni i ru\u010dni alati, vrtni pribor i ro\u0161tilj.<\/p>\n","protected":false},"excerpt":{"rendered":"<p>Najdjelotvornije sredstvo za \u010di\u0161\u0107enje i odma\u0161\u0107ivanje koje se danas mo\u017ee na\u0107i na tr\u017ei\u0161tu, a istovremeno \u0161titi sve metalne povr\u0161ine od korozije. Biorazgradiv je i bez fosfata. Primjena: strojevi, dijelovi motora, motocikli, poljodjelski alati, elektri\u010dni i ru\u010dni alati, vrtni pribor i ro\u0161tilj. <a class=\"continue-reading-link\" href=\"https:\/\/cortecros.com\/hr\/product\/bull-frog-sredstvo-za-ciscenje-odmascivanje-i-sprecavanje-korozije\/\">nastavi \u010ditati<\/a><\/p>\n","protected":false},"featured_media":0,"template":"","meta":{"ngg_post_thumbnail":0,"_links_to":"","_links_to_target":""},"product_brand":[],"product_cat":[45],"product_tag":[],"class_list":{"0":"post-4275","1":"product","2":"type-product","3":"status-publish","5":"product_cat-bullfrog-proizvodi","7":"first","8":"instock","9":"shipping-taxable","10":"product-type-simple"},"_links":{"self":[{"href":"https:\/\/cortecros.com\/hr\/wp-json\/wp\/v2\/product\/4275","targetHints":{"allow":["GET"]}}],"collection":[{"href":"https:\/\/cortecros.com\/hr\/wp-json\/wp\/v2\/product"}],"about":[{"href":"https:\/\/cortecros.com\/hr\/wp-json\/wp\/v2\/types\/product"}],"wp:attachment":[{"href":"https:\/\/cortecros.com\/hr\/wp-json\/wp\/v2\/media?parent=4275"}],"wp:term":[{"taxonomy":"product_brand","embeddable":true,"href":"https:\/\/cortecros.com\/hr\/wp-json\/wp\/v2\/product_brand?post=4275"},{"taxonomy":"product_cat","embeddable":true,"href":"https:\/\/cortecros.com\/hr\/wp-json\/wp\/v2\/product_cat?post=4275"},{"taxonomy":"product_tag","embeddable":true,"href":"https:\/\/cortecros.com\/hr\/wp-json\/wp\/v2\/product_tag?post=4275"}],"curies":[{"name":"wp","href":"https:\/\/api.w.org\/{rel}","templated":true}]}}