{"id":4276,"date":"2017-05-25T13:28:04","date_gmt":"2017-05-25T13:28:04","guid":{"rendered":"https:\/\/cortecros.com\/product\/bull-frog-cistac\/"},"modified":"2017-05-25T13:28:04","modified_gmt":"2017-05-25T13:28:04","slug":"bull-frog-cistac","status":"publish","type":"product","link":"https:\/\/cortecros.com\/hr\/product\/bull-frog-cistac\/","title":{"rendered":"Bull Frog \u010cista\u010d"},"content":{"rendered":"<p>BullFrog \u010dista\u010d uklanja povr\u0161insku koroziju, mast, ulje i gare\u017e. \u010cisti i \u0161titi od korozije ostavljaju\u0107i nakon brisanja za\u0161titni sloj inhibitora korozije (VpCI). Odli\u010dan za \u010di\u0161\u0107enje i brisanje alata, strojnih dijelova ili bilo kojih metalnih povr\u0161ina.<\/p>\n","protected":false},"excerpt":{"rendered":"<p>BullFrog \u010dista\u010d uklanja povr\u0161insku koroziju, mast, ulje i gare\u017e. \u010cisti i \u0161titi od korozije ostavljaju\u0107i nakon brisanja za\u0161titni sloj inhibitora korozije (VpCI). Odli\u010dan za \u010di\u0161\u0107enje i brisanje alata, strojnih dijelova ili bilo kojih metalnih povr\u0161ina. <a class=\"continue-reading-link\" href=\"https:\/\/cortecros.com\/hr\/product\/bull-frog-cistac\/\">nastavi \u010ditati<\/a><\/p>\n","protected":false},"featured_media":0,"template":"","meta":{"ngg_post_thumbnail":0,"_links_to":"","_links_to_target":""},"product_brand":[],"product_cat":[45],"product_tag":[],"class_list":{"0":"post-4276","1":"product","2":"type-product","3":"status-publish","5":"product_cat-bullfrog-proizvodi","7":"first","8":"instock","9":"shipping-taxable","10":"product-type-simple"},"_links":{"self":[{"href":"https:\/\/cortecros.com\/hr\/wp-json\/wp\/v2\/product\/4276","targetHints":{"allow":["GET"]}}],"collection":[{"href":"https:\/\/cortecros.com\/hr\/wp-json\/wp\/v2\/product"}],"about":[{"href":"https:\/\/cortecros.com\/hr\/wp-json\/wp\/v2\/types\/product"}],"wp:attachment":[{"href":"https:\/\/cortecros.com\/hr\/wp-json\/wp\/v2\/media?parent=4276"}],"wp:term":[{"taxonomy":"product_brand","embeddable":true,"href":"https:\/\/cortecros.com\/hr\/wp-json\/wp\/v2\/product_brand?post=4276"},{"taxonomy":"product_cat","embeddable":true,"href":"https:\/\/cortecros.com\/hr\/wp-json\/wp\/v2\/product_cat?post=4276"},{"taxonomy":"product_tag","embeddable":true,"href":"https:\/\/cortecros.com\/hr\/wp-json\/wp\/v2\/product_tag?post=4276"}],"curies":[{"name":"wp","href":"https:\/\/api.w.org\/{rel}","templated":true}]}}