{"id":4277,"date":"2017-05-25T13:11:51","date_gmt":"2017-05-25T13:11:51","guid":{"rendered":"https:\/\/cortecros.com\/product\/bull-frog-odstranjivac-hrde-s-antikorozivnim-djelovanjem\/"},"modified":"2017-05-25T13:11:51","modified_gmt":"2017-05-25T13:11:51","slug":"bull-frog-odstranjivac-hrde-s-antikorozivnim-djelovanjem","status":"publish","type":"product","link":"https:\/\/cortecros.com\/hr\/product\/bull-frog-odstranjivac-hrde-s-antikorozivnim-djelovanjem\/","title":{"rendered":"Bull Frog Odstranjiva\u010d hr\u0111e s antikorozivnim djelovanjem"},"content":{"rendered":"<p>Kona\u010dno! Odstranjiva\u010d hr\u0111e siguran za upotrebu, ne\u0161kodljiv za okolinu a djelotvoran! \u010cisti se vodom a isparavaju\u0107i inhibitori korozije (VpCI) trenuta\u010dno za\u0161ti\u0107uju metal.<br \/>\nPrimjena: alati, automobili, kamioni, kamp-prikolice, poljodjelski alati, bicikli, metalno poku\u0107stvo, alati za vrt.<\/p>\n","protected":false},"excerpt":{"rendered":"<p>Kona\u010dno! Odstranjiva\u010d hr\u0111e siguran za upotrebu, ne\u0161kodljiv za okolinu a djelotvoran! \u010cisti se vodom a isparavaju\u0107i inhibitori korozije (VpCI) trenuta\u010dno za\u0161ti\u0107uju metal. Primjena: alati, automobili, kamioni, kamp-prikolice, poljodjelski alati, bicikli, metalno poku\u0107stvo, alati za vrt. <a class=\"continue-reading-link\" href=\"https:\/\/cortecros.com\/hr\/product\/bull-frog-odstranjivac-hrde-s-antikorozivnim-djelovanjem\/\">nastavi \u010ditati<\/a><\/p>\n","protected":false},"featured_media":0,"template":"","meta":{"ngg_post_thumbnail":0,"_links_to":"","_links_to_target":""},"product_brand":[],"product_cat":[45],"product_tag":[],"class_list":{"0":"post-4277","1":"product","2":"type-product","3":"status-publish","5":"product_cat-bullfrog-proizvodi","7":"first","8":"instock","9":"shipping-taxable","10":"product-type-simple"},"_links":{"self":[{"href":"https:\/\/cortecros.com\/hr\/wp-json\/wp\/v2\/product\/4277","targetHints":{"allow":["GET"]}}],"collection":[{"href":"https:\/\/cortecros.com\/hr\/wp-json\/wp\/v2\/product"}],"about":[{"href":"https:\/\/cortecros.com\/hr\/wp-json\/wp\/v2\/types\/product"}],"wp:attachment":[{"href":"https:\/\/cortecros.com\/hr\/wp-json\/wp\/v2\/media?parent=4277"}],"wp:term":[{"taxonomy":"product_brand","embeddable":true,"href":"https:\/\/cortecros.com\/hr\/wp-json\/wp\/v2\/product_brand?post=4277"},{"taxonomy":"product_cat","embeddable":true,"href":"https:\/\/cortecros.com\/hr\/wp-json\/wp\/v2\/product_cat?post=4277"},{"taxonomy":"product_tag","embeddable":true,"href":"https:\/\/cortecros.com\/hr\/wp-json\/wp\/v2\/product_tag?post=4277"}],"curies":[{"name":"wp","href":"https:\/\/api.w.org\/{rel}","templated":true}]}}