{"id":4278,"date":"2017-05-25T13:25:52","date_gmt":"2017-05-25T13:25:52","guid":{"rendered":"https:\/\/cortecros.com\/product\/bull-frog-podmazivac-sa-sredstvom-za-sprecavanje-korozije\/"},"modified":"2017-05-25T13:25:52","modified_gmt":"2017-05-25T13:25:52","slug":"bull-frog-podmazivac-sa-sredstvom-za-sprecavanje-korozije","status":"publish","type":"product","link":"https:\/\/cortecros.com\/hr\/product\/bull-frog-podmazivac-sa-sredstvom-za-sprecavanje-korozije\/","title":{"rendered":"Bull Frog Podmaziva\u010d sa sredstvom za spre\u010davanje korozije"},"content":{"rendered":"<p>Osim \u0161to spre\u010dava \u0161kripanje i zapinjanje, omogu\u0107uje da do toga niti ne do\u0111e. \u0160titi od korozije do godinu dana. Ne sadr\u017ei freone niti triklor spojeve.<br \/>\nPrimjena: motori, \u0161arke, oprema, brave, \u0161kare za \u017eivicu, alat, vijci i matice, te svaki pokretni element motora ili alata.<\/p>\n","protected":false},"excerpt":{"rendered":"<p>Osim \u0161to spre\u010dava \u0161kripanje i zapinjanje, omogu\u0107uje da do toga niti ne do\u0111e. \u0160titi od korozije do godinu dana. Ne sadr\u017ei freone niti triklor spojeve. Primjena: motori, \u0161arke, oprema, brave, \u0161kare za \u017eivicu, alat, vijci i matice, te svaki pokretni element motora ili alata. <a class=\"continue-reading-link\" href=\"https:\/\/cortecros.com\/hr\/product\/bull-frog-podmazivac-sa-sredstvom-za-sprecavanje-korozije\/\">nastavi \u010ditati<\/a><\/p>\n","protected":false},"featured_media":0,"template":"","meta":{"ngg_post_thumbnail":0,"_links_to":"","_links_to_target":""},"product_brand":[],"product_cat":[45],"product_tag":[],"class_list":{"0":"post-4278","1":"product","2":"type-product","3":"status-publish","5":"product_cat-bullfrog-proizvodi","7":"first","8":"instock","9":"shipping-taxable","10":"product-type-simple"},"_links":{"self":[{"href":"https:\/\/cortecros.com\/hr\/wp-json\/wp\/v2\/product\/4278","targetHints":{"allow":["GET"]}}],"collection":[{"href":"https:\/\/cortecros.com\/hr\/wp-json\/wp\/v2\/product"}],"about":[{"href":"https:\/\/cortecros.com\/hr\/wp-json\/wp\/v2\/types\/product"}],"wp:attachment":[{"href":"https:\/\/cortecros.com\/hr\/wp-json\/wp\/v2\/media?parent=4278"}],"wp:term":[{"taxonomy":"product_brand","embeddable":true,"href":"https:\/\/cortecros.com\/hr\/wp-json\/wp\/v2\/product_brand?post=4278"},{"taxonomy":"product_cat","embeddable":true,"href":"https:\/\/cortecros.com\/hr\/wp-json\/wp\/v2\/product_cat?post=4278"},{"taxonomy":"product_tag","embeddable":true,"href":"https:\/\/cortecros.com\/hr\/wp-json\/wp\/v2\/product_tag?post=4278"}],"curies":[{"name":"wp","href":"https:\/\/api.w.org\/{rel}","templated":true}]}}