{"id":4279,"date":"2017-05-24T19:22:57","date_gmt":"2017-05-24T19:22:57","guid":{"rendered":"https:\/\/cortecros.com\/product\/bull-frog-posude-stitnici-i-trake-za-sprecavanje-korozije\/"},"modified":"2017-05-24T19:22:57","modified_gmt":"2017-05-24T19:22:57","slug":"bull-frog-posude-stitnici-i-trake-za-sprecavanje-korozije","status":"publish","type":"product","link":"https:\/\/cortecros.com\/hr\/product\/bull-frog-posude-stitnici-i-trake-za-sprecavanje-korozije\/","title":{"rendered":"Bull Frog Posude, \u0161titnici i trake za spre\u010davanje korozije"},"content":{"rendered":"<p>\u0160tite od korozije u zatvorenim prostorima. Odlo\u017ee se u sekundi a \u0161tite do godinu dana. Koriste ih najve\u0107e svjetske kompanije za antikorozivnu za\u0161titu najva\u017enije i najskuplje opreme.<br \/>\nJedna emiterska traka \u0161titi do 30 l zatvorenog prostora, posuda \u0161titi do 300 l zatvorenog prostora dok \u0161titnik \u0161titi\u00a0\u010dak do 2,8 m<sup>3<\/sup>\u00a0zatvorenog prostora.<br \/>\nPrimjena: kutije za alat, ormari\u0107i za oru\u017eje i elektri\u010dne razvodne plo\u010de, ribi\u010dki pribor, nakit, kovanice i srebro.<\/p>\n","protected":false},"excerpt":{"rendered":"<p>\u0160tite od korozije u zatvorenim prostorima. Odlo\u017ee se u sekundi a \u0161tite do godinu dana. Koriste ih najve\u0107e svjetske kompanije za antikorozivnu za\u0161titu najva\u017enije i najskuplje opreme. Jedna emiterska traka \u0161titi do 30 l zatvorenog prostora, posuda \u0161titi do 300 l zatvorenog prostora dok \u0161titnik \u0161titi\u00a0\u010dak do 2,8 m3\u00a0zatvorenog prostora.\u2026 <a class=\"continue-reading-link\" href=\"https:\/\/cortecros.com\/hr\/product\/bull-frog-posude-stitnici-i-trake-za-sprecavanje-korozije\/\">nastavi \u010ditati<\/a><\/p>\n","protected":false},"featured_media":0,"template":"","meta":{"ngg_post_thumbnail":0,"_links_to":"","_links_to_target":""},"product_brand":[],"product_cat":[45],"product_tag":[],"class_list":{"0":"post-4279","1":"product","2":"type-product","3":"status-publish","5":"product_cat-bullfrog-proizvodi","7":"first","8":"instock","9":"shipping-taxable","10":"product-type-simple"},"_links":{"self":[{"href":"https:\/\/cortecros.com\/hr\/wp-json\/wp\/v2\/product\/4279","targetHints":{"allow":["GET"]}}],"collection":[{"href":"https:\/\/cortecros.com\/hr\/wp-json\/wp\/v2\/product"}],"about":[{"href":"https:\/\/cortecros.com\/hr\/wp-json\/wp\/v2\/types\/product"}],"wp:attachment":[{"href":"https:\/\/cortecros.com\/hr\/wp-json\/wp\/v2\/media?parent=4279"}],"wp:term":[{"taxonomy":"product_brand","embeddable":true,"href":"https:\/\/cortecros.com\/hr\/wp-json\/wp\/v2\/product_brand?post=4279"},{"taxonomy":"product_cat","embeddable":true,"href":"https:\/\/cortecros.com\/hr\/wp-json\/wp\/v2\/product_cat?post=4279"},{"taxonomy":"product_tag","embeddable":true,"href":"https:\/\/cortecros.com\/hr\/wp-json\/wp\/v2\/product_tag?post=4279"}],"curies":[{"name":"wp","href":"https:\/\/api.w.org\/{rel}","templated":true}]}}