{"id":4280,"date":"2017-05-25T13:24:51","date_gmt":"2017-05-25T13:24:51","guid":{"rendered":"https:\/\/cortecros.com\/product\/bull-frog-rustorer-pretvarac-hrde\/"},"modified":"2017-05-25T13:24:51","modified_gmt":"2017-05-25T13:24:51","slug":"bull-frog-rustorer-pretvarac-hrde","status":"publish","type":"product","link":"https:\/\/cortecros.com\/hr\/product\/bull-frog-rustorer-pretvarac-hrde\/","title":{"rendered":"Bull Frog Rustorer &#8211; pretvara\u010d hr\u0111e"},"content":{"rendered":"<p>Kada se primjenjuje na korodiranu povr\u0161inu ili slabo pripremljenu povr\u0161inu, brzo prodire do metala i spre\u010dava daljnju koroziju. Rustorer-pretvara\u010d hr\u0111e pretvara hr\u0111u u\u00a0pasivni hidrofobni sloj koji je ujedno i temeljni premaz prije nano\u0161enja zavr\u0161nog premaza boje. Odli\u010dna za\u0161tita u ote\u017eanim i slanim uvjetima.<\/p>\n","protected":false},"excerpt":{"rendered":"<p>Kada se primjenjuje na korodiranu povr\u0161inu ili slabo pripremljenu povr\u0161inu, brzo prodire do metala i spre\u010dava daljnju koroziju. Rustorer-pretvara\u010d hr\u0111e pretvara hr\u0111u u\u00a0pasivni hidrofobni sloj koji je ujedno i temeljni premaz prije nano\u0161enja zavr\u0161nog premaza boje. Odli\u010dna za\u0161tita u ote\u017eanim i slanim uvjetima. <a class=\"continue-reading-link\" href=\"https:\/\/cortecros.com\/hr\/product\/bull-frog-rustorer-pretvarac-hrde\/\">nastavi \u010ditati<\/a><\/p>\n","protected":false},"featured_media":0,"template":"","meta":{"ngg_post_thumbnail":0,"_links_to":"","_links_to_target":""},"product_brand":[],"product_cat":[45],"product_tag":[],"class_list":{"0":"post-4280","1":"product","2":"type-product","3":"status-publish","5":"product_cat-bullfrog-proizvodi","7":"first","8":"instock","9":"shipping-taxable","10":"product-type-simple"},"_links":{"self":[{"href":"https:\/\/cortecros.com\/hr\/wp-json\/wp\/v2\/product\/4280","targetHints":{"allow":["GET"]}}],"collection":[{"href":"https:\/\/cortecros.com\/hr\/wp-json\/wp\/v2\/product"}],"about":[{"href":"https:\/\/cortecros.com\/hr\/wp-json\/wp\/v2\/types\/product"}],"wp:attachment":[{"href":"https:\/\/cortecros.com\/hr\/wp-json\/wp\/v2\/media?parent=4280"}],"wp:term":[{"taxonomy":"product_brand","embeddable":true,"href":"https:\/\/cortecros.com\/hr\/wp-json\/wp\/v2\/product_brand?post=4280"},{"taxonomy":"product_cat","embeddable":true,"href":"https:\/\/cortecros.com\/hr\/wp-json\/wp\/v2\/product_cat?post=4280"},{"taxonomy":"product_tag","embeddable":true,"href":"https:\/\/cortecros.com\/hr\/wp-json\/wp\/v2\/product_tag?post=4280"}],"curies":[{"name":"wp","href":"https:\/\/api.w.org\/{rel}","templated":true}]}}