{"id":4281,"date":"2017-05-25T13:20:29","date_gmt":"2017-05-25T13:20:29","guid":{"rendered":"https:\/\/cortecros.com\/product\/bull-frog-sredstvo-za-ciscenje-elektronskih-uredaja-i-sprecavanje-korozije\/"},"modified":"2019-05-10T09:51:10","modified_gmt":"2019-05-10T09:51:10","slug":"bull-frog-sredstvo-za-sprecavanje-korozije","status":"publish","type":"product","link":"https:\/\/cortecros.com\/hr\/product\/bull-frog-sredstvo-za-sprecavanje-korozije\/","title":{"rendered":"Bull Frog Sredstvo za spre\u010davanje korozije"},"content":{"rendered":"<p>Spre\u010dava koroziju i prije nego to proces zapo\u010dne. Nano\u0161enjem se formira za\u0161titni &#8220;molekularni ki\u0161obran&#8221; isparavaju\u0107ih inhibitora korozije (VpCI), koji\u00a0\u0161titi izlo\u017eene metalne povr\u0161ine kao npr. kvake, \u0161arke, prikolice, poljodjelske alate, vrtni namje\u0161taj, male vrtne alate i ograde.<\/p>\n","protected":false},"excerpt":{"rendered":"<p>Spre\u010dava koroziju i prije nego to proces zapo\u010dne. Nano\u0161enjem se formira za\u0161titni &#8220;molekularni ki\u0161obran&#8221; isparavaju\u0107ih inhibitora korozije (VpCI), koji\u00a0\u0161titi izlo\u017eene metalne povr\u0161ine kao npr. kvake, \u0161arke, prikolice, poljodjelske alate, vrtni namje\u0161taj, male vrtne alate i ograde. <a class=\"continue-reading-link\" href=\"https:\/\/cortecros.com\/hr\/product\/bull-frog-sredstvo-za-sprecavanje-korozije\/\">nastavi \u010ditati<\/a><\/p>\n","protected":false},"featured_media":0,"template":"","meta":{"ngg_post_thumbnail":0,"_links_to":"","_links_to_target":""},"product_brand":[],"product_cat":[45],"product_tag":[],"class_list":{"0":"post-4281","1":"product","2":"type-product","3":"status-publish","5":"product_cat-bullfrog-proizvodi","7":"first","8":"instock","9":"shipping-taxable","10":"product-type-simple"},"_links":{"self":[{"href":"https:\/\/cortecros.com\/hr\/wp-json\/wp\/v2\/product\/4281","targetHints":{"allow":["GET"]}}],"collection":[{"href":"https:\/\/cortecros.com\/hr\/wp-json\/wp\/v2\/product"}],"about":[{"href":"https:\/\/cortecros.com\/hr\/wp-json\/wp\/v2\/types\/product"}],"wp:attachment":[{"href":"https:\/\/cortecros.com\/hr\/wp-json\/wp\/v2\/media?parent=4281"}],"wp:term":[{"taxonomy":"product_brand","embeddable":true,"href":"https:\/\/cortecros.com\/hr\/wp-json\/wp\/v2\/product_brand?post=4281"},{"taxonomy":"product_cat","embeddable":true,"href":"https:\/\/cortecros.com\/hr\/wp-json\/wp\/v2\/product_cat?post=4281"},{"taxonomy":"product_tag","embeddable":true,"href":"https:\/\/cortecros.com\/hr\/wp-json\/wp\/v2\/product_tag?post=4281"}],"curies":[{"name":"wp","href":"https:\/\/api.w.org\/{rel}","templated":true}]}}