{"id":4282,"date":"2017-05-25T13:27:28","date_gmt":"2017-05-25T13:27:28","guid":{"rendered":"https:\/\/cortecros.com\/product\/bull-frog-sredstvo-za-ciscenje-elektronskih-uredaja-i-sprecavanje-korozije-2\/"},"modified":"2019-05-10T10:00:29","modified_gmt":"2019-05-10T10:00:29","slug":"bull-frog-podmazivac","status":"publish","type":"product","link":"https:\/\/cortecros.com\/hr\/product\/bull-frog-podmazivac\/","title":{"rendered":"Bull Frog Podmaziva\u010d"},"content":{"rendered":"<p>Ovaj proizvod ne samo da spre\u010dava \u0161kripu i lijepljenje, nego i spre\u010dava da uop\u0107e do toga do\u0111e. \u0160titi od korozije godinu dana. Izvrsno podmazuje i prodire do svih pokretnih dijelova.<\/p>\n","protected":false},"excerpt":{"rendered":"<p>Ovaj proizvod ne samo da spre\u010dava \u0161kripu i lijepljenje, nego i spre\u010dava da uop\u0107e do toga do\u0111e. \u0160titi od korozije godinu dana. Izvrsno podmazuje i prodire do svih pokretnih dijelova. <a class=\"continue-reading-link\" href=\"https:\/\/cortecros.com\/hr\/product\/bull-frog-podmazivac\/\">nastavi \u010ditati<\/a><\/p>\n","protected":false},"featured_media":0,"template":"","meta":{"ngg_post_thumbnail":0,"_links_to":"","_links_to_target":""},"product_brand":[],"product_cat":[45],"product_tag":[],"class_list":{"0":"post-4282","1":"product","2":"type-product","3":"status-publish","5":"product_cat-bullfrog-proizvodi","7":"first","8":"instock","9":"shipping-taxable","10":"product-type-simple"},"_links":{"self":[{"href":"https:\/\/cortecros.com\/hr\/wp-json\/wp\/v2\/product\/4282","targetHints":{"allow":["GET"]}}],"collection":[{"href":"https:\/\/cortecros.com\/hr\/wp-json\/wp\/v2\/product"}],"about":[{"href":"https:\/\/cortecros.com\/hr\/wp-json\/wp\/v2\/types\/product"}],"wp:attachment":[{"href":"https:\/\/cortecros.com\/hr\/wp-json\/wp\/v2\/media?parent=4282"}],"wp:term":[{"taxonomy":"product_brand","embeddable":true,"href":"https:\/\/cortecros.com\/hr\/wp-json\/wp\/v2\/product_brand?post=4282"},{"taxonomy":"product_cat","embeddable":true,"href":"https:\/\/cortecros.com\/hr\/wp-json\/wp\/v2\/product_cat?post=4282"},{"taxonomy":"product_tag","embeddable":true,"href":"https:\/\/cortecros.com\/hr\/wp-json\/wp\/v2\/product_tag?post=4282"}],"curies":[{"name":"wp","href":"https:\/\/api.w.org\/{rel}","templated":true}]}}