{"id":4283,"date":"2017-05-25T13:30:38","date_gmt":"2017-05-25T13:30:38","guid":{"rendered":"https:\/\/cortecros.com\/product\/bull-frog-coolant-additive\/"},"modified":"2019-05-10T09:54:30","modified_gmt":"2019-05-10T09:54:30","slug":"bull-frog-coolant-additive","status":"publish","type":"product","link":"https:\/\/cortecros.com\/hr\/product\/bull-frog-coolant-additive\/","title":{"rendered":"Bull Frog Aditiv za rashladnu teku\u0107inu"},"content":{"rendered":"<p>Kada spremate neki stroj na razdoblje dulje od mjesec dana, potrebna mu je dodatna za\u0161tita. BullFrog pru\u017ea posebnu za\u0161titu od korozije u svim \u0161upljinama motora u koje prodire zrak, te u sustavima za hla\u0111enje i protok goriva. Isparavaju\u0107i inhibitori korozije (VpCI) \u0161tite i iznad i ispod razine teku\u0107ine.<br \/>\nPrimjena: automobili, brodovi, kamp-prikolice, poljodjelski alati, motocikli.<\/p>\n","protected":false},"excerpt":{"rendered":"<p>Kada spremate neki stroj na razdoblje dulje od mjesec dana, potrebna mu je dodatna za\u0161tita. BullFrog pru\u017ea posebnu za\u0161titu od korozije u svim \u0161upljinama motora u koje prodire zrak, te u sustavima za hla\u0111enje i protok goriva. Isparavaju\u0107i inhibitori korozije (VpCI) \u0161tite i iznad i ispod razine teku\u0107ine. Primjena: automobili,\u2026 <a class=\"continue-reading-link\" href=\"https:\/\/cortecros.com\/hr\/product\/bull-frog-coolant-additive\/\">nastavi \u010ditati<\/a><\/p>\n","protected":false},"featured_media":0,"template":"","meta":{"ngg_post_thumbnail":0,"_links_to":"","_links_to_target":""},"product_brand":[],"product_cat":[45],"product_tag":[],"class_list":{"0":"post-4283","1":"product","2":"type-product","3":"status-publish","5":"product_cat-bullfrog-proizvodi","7":"first","8":"instock","9":"shipping-taxable","10":"product-type-simple"},"_links":{"self":[{"href":"https:\/\/cortecros.com\/hr\/wp-json\/wp\/v2\/product\/4283","targetHints":{"allow":["GET"]}}],"collection":[{"href":"https:\/\/cortecros.com\/hr\/wp-json\/wp\/v2\/product"}],"about":[{"href":"https:\/\/cortecros.com\/hr\/wp-json\/wp\/v2\/types\/product"}],"wp:attachment":[{"href":"https:\/\/cortecros.com\/hr\/wp-json\/wp\/v2\/media?parent=4283"}],"wp:term":[{"taxonomy":"product_brand","embeddable":true,"href":"https:\/\/cortecros.com\/hr\/wp-json\/wp\/v2\/product_brand?post=4283"},{"taxonomy":"product_cat","embeddable":true,"href":"https:\/\/cortecros.com\/hr\/wp-json\/wp\/v2\/product_cat?post=4283"},{"taxonomy":"product_tag","embeddable":true,"href":"https:\/\/cortecros.com\/hr\/wp-json\/wp\/v2\/product_tag?post=4283"}],"curies":[{"name":"wp","href":"https:\/\/api.w.org\/{rel}","templated":true}]}}