{"id":4286,"date":"2017-05-25T13:22:28","date_gmt":"2017-05-25T13:22:28","guid":{"rendered":"https:\/\/cortecros.com\/product\/bull-frog-zastitna-pasta-za-poliranje-do-visokog-sjaja-sa-antikorozivnim-djelovanjem\/"},"modified":"2017-05-25T13:22:28","modified_gmt":"2017-05-25T13:22:28","slug":"bull-frog-zastitna-pasta-za-poliranje-do-visokog-sjaja-sa-antikorozivnim-djelovanjem","status":"publish","type":"product","link":"https:\/\/cortecros.com\/hr\/product\/bull-frog-zastitna-pasta-za-poliranje-do-visokog-sjaja-sa-antikorozivnim-djelovanjem\/","title":{"rendered":"Bull Frog Za\u0161titna pasta za poliranje do visokog sjaja sa antikorozivnim djelovanjem"},"content":{"rendered":"<p>Najdjelotvorniji proizvod te vrste na tr\u017ei\u0161tu! Jednim premazivanjem ove izvrsne paste za poliranje Va\u0161e \u0107e metalne povr\u0161ine dobiti visoki sjaj, a istodobno i efikasnu za\u0161titu od korozije. \u0160titi od ultraljubi\u010dastih zraka i oksidacije\u00a0fiberglasa i idealna je za visoki sjaj zavr\u0161nog sloja boje.<br \/>\nPrimjena: automobili, kamioni, kamp-prikolice, motocikli, brodovi.<\/p>\n","protected":false},"excerpt":{"rendered":"<p>Najdjelotvorniji proizvod te vrste na tr\u017ei\u0161tu! Jednim premazivanjem ove izvrsne paste za poliranje Va\u0161e \u0107e metalne povr\u0161ine dobiti visoki sjaj, a istodobno i efikasnu za\u0161titu od korozije. \u0160titi od ultraljubi\u010dastih zraka i oksidacije\u00a0fiberglasa i idealna je za visoki sjaj zavr\u0161nog sloja boje. Primjena: automobili, kamioni, kamp-prikolice, motocikli, brodovi. <a class=\"continue-reading-link\" href=\"https:\/\/cortecros.com\/hr\/product\/bull-frog-zastitna-pasta-za-poliranje-do-visokog-sjaja-sa-antikorozivnim-djelovanjem\/\">nastavi \u010ditati<\/a><\/p>\n","protected":false},"featured_media":0,"template":"","meta":{"ngg_post_thumbnail":0,"_links_to":"","_links_to_target":""},"product_brand":[],"product_cat":[45],"product_tag":[],"class_list":{"0":"post-4286","1":"product","2":"type-product","3":"status-publish","5":"product_cat-bullfrog-proizvodi","7":"first","8":"instock","9":"shipping-taxable","10":"product-type-simple"},"_links":{"self":[{"href":"https:\/\/cortecros.com\/hr\/wp-json\/wp\/v2\/product\/4286","targetHints":{"allow":["GET"]}}],"collection":[{"href":"https:\/\/cortecros.com\/hr\/wp-json\/wp\/v2\/product"}],"about":[{"href":"https:\/\/cortecros.com\/hr\/wp-json\/wp\/v2\/types\/product"}],"wp:attachment":[{"href":"https:\/\/cortecros.com\/hr\/wp-json\/wp\/v2\/media?parent=4286"}],"wp:term":[{"taxonomy":"product_brand","embeddable":true,"href":"https:\/\/cortecros.com\/hr\/wp-json\/wp\/v2\/product_brand?post=4286"},{"taxonomy":"product_cat","embeddable":true,"href":"https:\/\/cortecros.com\/hr\/wp-json\/wp\/v2\/product_cat?post=4286"},{"taxonomy":"product_tag","embeddable":true,"href":"https:\/\/cortecros.com\/hr\/wp-json\/wp\/v2\/product_tag?post=4286"}],"curies":[{"name":"wp","href":"https:\/\/api.w.org\/{rel}","templated":true}]}}