{"id":4287,"date":"2017-05-25T13:23:50","date_gmt":"2017-05-25T13:23:50","guid":{"rendered":"https:\/\/cortecros.com\/product\/bull-frog-zastitna-pasta-za-poliranje-sa-brzim-djelovanjem-i-sredstvom-za-sprecavanje-korozije\/"},"modified":"2017-05-25T13:23:50","modified_gmt":"2017-05-25T13:23:50","slug":"bull-frog-zastitna-pasta-za-poliranje-sa-brzim-djelovanjem-i-sredstvom-za-sprecavanje-korozije","status":"publish","type":"product","link":"https:\/\/cortecros.com\/hr\/product\/bull-frog-zastitna-pasta-za-poliranje-sa-brzim-djelovanjem-i-sredstvom-za-sprecavanje-korozije\/","title":{"rendered":"Bull Frog Za\u0161titna pasta za poliranje sa brzim djelovanjem i sredstvom za spre\u010davanje korozije"},"content":{"rendered":"<p>Za\u0161titna pasta za poliranje sa brzim djelovanjem i sredstvom za spre\u010davanje korozije<\/p>\n","protected":false},"excerpt":{"rendered":"<p>Za\u0161titna pasta za poliranje sa brzim djelovanjem i sredstvom za spre\u010davanje korozije <a class=\"continue-reading-link\" href=\"https:\/\/cortecros.com\/hr\/product\/bull-frog-zastitna-pasta-za-poliranje-sa-brzim-djelovanjem-i-sredstvom-za-sprecavanje-korozije\/\">nastavi \u010ditati<\/a><\/p>\n","protected":false},"featured_media":0,"template":"","meta":{"ngg_post_thumbnail":0,"_links_to":"","_links_to_target":""},"product_brand":[],"product_cat":[45],"product_tag":[],"class_list":{"0":"post-4287","1":"product","2":"type-product","3":"status-publish","5":"product_cat-bullfrog-proizvodi","7":"first","8":"instock","9":"shipping-taxable","10":"product-type-simple"},"_links":{"self":[{"href":"https:\/\/cortecros.com\/hr\/wp-json\/wp\/v2\/product\/4287","targetHints":{"allow":["GET"]}}],"collection":[{"href":"https:\/\/cortecros.com\/hr\/wp-json\/wp\/v2\/product"}],"about":[{"href":"https:\/\/cortecros.com\/hr\/wp-json\/wp\/v2\/types\/product"}],"wp:attachment":[{"href":"https:\/\/cortecros.com\/hr\/wp-json\/wp\/v2\/media?parent=4287"}],"wp:term":[{"taxonomy":"product_brand","embeddable":true,"href":"https:\/\/cortecros.com\/hr\/wp-json\/wp\/v2\/product_brand?post=4287"},{"taxonomy":"product_cat","embeddable":true,"href":"https:\/\/cortecros.com\/hr\/wp-json\/wp\/v2\/product_cat?post=4287"},{"taxonomy":"product_tag","embeddable":true,"href":"https:\/\/cortecros.com\/hr\/wp-json\/wp\/v2\/product_tag?post=4287"}],"curies":[{"name":"wp","href":"https:\/\/api.w.org\/{rel}","templated":true}]}}