{"id":4288,"date":"2017-05-25T13:33:10","date_gmt":"2017-05-25T13:33:10","guid":{"rendered":"https:\/\/cortecros.com\/product\/bull-frog-antikorozivne-navlake-za-oruzje\/"},"modified":"2017-05-25T13:33:10","modified_gmt":"2017-05-25T13:33:10","slug":"bull-frog-antikorozivne-navlake-za-oruzje","status":"publish","type":"product","link":"https:\/\/cortecros.com\/hr\/product\/bull-frog-antikorozivne-navlake-za-oruzje\/","title":{"rendered":"Bull Frog Antikorozivne navlake za oru\u017eje"},"content":{"rendered":"<p>Uobi\u010dajeni sanduci \u0161tite vatreno oru\u017eje samo od pra\u0161ine. Samo BullFrog navlake \u0161tite vrijedno vatreno oru\u017eje VpCI tehnologijom koja je razvijena za vojnu, NATO i mnoge druge industrije. BullFrog meki neabrazivan materijal spre\u010dava prodor vlage do Va\u0161eg oru\u017eja.<\/p>\n","protected":false},"excerpt":{"rendered":"<p>Uobi\u010dajeni sanduci \u0161tite vatreno oru\u017eje samo od pra\u0161ine. Samo BullFrog navlake \u0161tite vrijedno vatreno oru\u017eje VpCI tehnologijom koja je razvijena za vojnu, NATO i mnoge druge industrije. BullFrog meki neabrazivan materijal spre\u010dava prodor vlage do Va\u0161eg oru\u017eja. <a class=\"continue-reading-link\" href=\"https:\/\/cortecros.com\/hr\/product\/bull-frog-antikorozivne-navlake-za-oruzje\/\">nastavi \u010ditati<\/a><\/p>\n","protected":false},"featured_media":0,"template":"","meta":{"ngg_post_thumbnail":0,"_links_to":"","_links_to_target":""},"product_brand":[],"product_cat":[45],"product_tag":[],"class_list":{"0":"post-4288","1":"product","2":"type-product","3":"status-publish","5":"product_cat-bullfrog-proizvodi","7":"first","8":"instock","9":"shipping-taxable","10":"product-type-simple"},"_links":{"self":[{"href":"https:\/\/cortecros.com\/hr\/wp-json\/wp\/v2\/product\/4288","targetHints":{"allow":["GET"]}}],"collection":[{"href":"https:\/\/cortecros.com\/hr\/wp-json\/wp\/v2\/product"}],"about":[{"href":"https:\/\/cortecros.com\/hr\/wp-json\/wp\/v2\/types\/product"}],"wp:attachment":[{"href":"https:\/\/cortecros.com\/hr\/wp-json\/wp\/v2\/media?parent=4288"}],"wp:term":[{"taxonomy":"product_brand","embeddable":true,"href":"https:\/\/cortecros.com\/hr\/wp-json\/wp\/v2\/product_brand?post=4288"},{"taxonomy":"product_cat","embeddable":true,"href":"https:\/\/cortecros.com\/hr\/wp-json\/wp\/v2\/product_cat?post=4288"},{"taxonomy":"product_tag","embeddable":true,"href":"https:\/\/cortecros.com\/hr\/wp-json\/wp\/v2\/product_tag?post=4288"}],"curies":[{"name":"wp","href":"https:\/\/api.w.org\/{rel}","templated":true}]}}