{"id":4289,"date":"2017-05-25T13:28:43","date_gmt":"2017-05-25T13:28:43","guid":{"rendered":"https:\/\/cortecros.com\/product\/bull-frog-brisac-cistac-s-odstranjivacem-hrde\/"},"modified":"2017-05-25T13:28:43","modified_gmt":"2017-05-25T13:28:43","slug":"bull-frog-brisac-cistac-s-odstranjivacem-hrde","status":"publish","type":"product","link":"https:\/\/cortecros.com\/hr\/product\/bull-frog-brisac-cistac-s-odstranjivacem-hrde\/","title":{"rendered":"Bull Frog Brisa\u010d \/ \u010dista\u010d s odstranjiva\u010dem hr\u0111e"},"content":{"rendered":"<p>Ovaj odstranjiva\u010d hr\u0111e dostupan je u obliku brisa\u010da za \u010di\u0161\u0107enje i odstranjivanje korozije s oru\u017eja. \u010cisti i \u0161titi istovremeno od korozije, te ostavlja dugotrajan za\u0161titni sloj. Ponesite sa sobom ovaj brisa\u010d kada idete u lov ili na put u brda.<\/p>\n","protected":false},"excerpt":{"rendered":"<p>Ovaj odstranjiva\u010d hr\u0111e dostupan je u obliku brisa\u010da za \u010di\u0161\u0107enje i odstranjivanje korozije s oru\u017eja. \u010cisti i \u0161titi istovremeno od korozije, te ostavlja dugotrajan za\u0161titni sloj. Ponesite sa sobom ovaj brisa\u010d kada idete u lov ili na put u brda. <a class=\"continue-reading-link\" href=\"https:\/\/cortecros.com\/hr\/product\/bull-frog-brisac-cistac-s-odstranjivacem-hrde\/\">nastavi \u010ditati<\/a><\/p>\n","protected":false},"featured_media":0,"template":"","meta":{"ngg_post_thumbnail":0,"_links_to":"","_links_to_target":""},"product_brand":[],"product_cat":[45],"product_tag":[],"class_list":{"0":"post-4289","1":"product","2":"type-product","3":"status-publish","5":"product_cat-bullfrog-proizvodi","7":"first","8":"instock","9":"shipping-taxable","10":"product-type-simple"},"_links":{"self":[{"href":"https:\/\/cortecros.com\/hr\/wp-json\/wp\/v2\/product\/4289","targetHints":{"allow":["GET"]}}],"collection":[{"href":"https:\/\/cortecros.com\/hr\/wp-json\/wp\/v2\/product"}],"about":[{"href":"https:\/\/cortecros.com\/hr\/wp-json\/wp\/v2\/types\/product"}],"wp:attachment":[{"href":"https:\/\/cortecros.com\/hr\/wp-json\/wp\/v2\/media?parent=4289"}],"wp:term":[{"taxonomy":"product_brand","embeddable":true,"href":"https:\/\/cortecros.com\/hr\/wp-json\/wp\/v2\/product_brand?post=4289"},{"taxonomy":"product_cat","embeddable":true,"href":"https:\/\/cortecros.com\/hr\/wp-json\/wp\/v2\/product_cat?post=4289"},{"taxonomy":"product_tag","embeddable":true,"href":"https:\/\/cortecros.com\/hr\/wp-json\/wp\/v2\/product_tag?post=4289"}],"curies":[{"name":"wp","href":"https:\/\/api.w.org\/{rel}","templated":true}]}}