{"id":4290,"date":"2017-05-25T13:26:35","date_gmt":"2017-05-25T13:26:35","guid":{"rendered":"https:\/\/cortecros.com\/product\/bull-frog-rusthunter\/"},"modified":"2017-05-25T13:26:35","modified_gmt":"2017-05-25T13:26:35","slug":"bull-frog-rusthunter","status":"publish","type":"product","link":"https:\/\/cortecros.com\/hr\/product\/bull-frog-rusthunter\/","title":{"rendered":"Bull Frog Rusthunter"},"content":{"rendered":"<p>Rusthunter-odstranjiva\u010d hr\u0111e, \u010disti, podmazuje i \u0161titi od korozije. Ovo je najbolji izbor za uklanjanje ostataka praha, prljav\u0161tine i \u010da\u0111e. Izvrstan je za uklanjanje vlage, istovremeno ostavlja sloj koji \u0161titi od korozije do godinu dana. Brzo se su\u0161i i ne privla\u010di pra\u0161inu i prljav\u0161tinu. Primjenom Rusthunter-odstranjiva\u010da hr\u0111e osiguravate maksimalnu uporabnu vrijednost Va\u0161eg oru\u017eja.<\/p>\n","protected":false},"excerpt":{"rendered":"<p>Rusthunter-odstranjiva\u010d hr\u0111e, \u010disti, podmazuje i \u0161titi od korozije. Ovo je najbolji izbor za uklanjanje ostataka praha, prljav\u0161tine i \u010da\u0111e. Izvrstan je za uklanjanje vlage, istovremeno ostavlja sloj koji \u0161titi od korozije do godinu dana. Brzo se su\u0161i i ne privla\u010di pra\u0161inu i prljav\u0161tinu. Primjenom Rusthunter-odstranjiva\u010da hr\u0111e osiguravate maksimalnu uporabnu vrijednost\u2026 <a class=\"continue-reading-link\" href=\"https:\/\/cortecros.com\/hr\/product\/bull-frog-rusthunter\/\">nastavi \u010ditati<\/a><\/p>\n","protected":false},"featured_media":0,"template":"","meta":{"ngg_post_thumbnail":0,"_links_to":"","_links_to_target":""},"product_brand":[],"product_cat":[45],"product_tag":[],"class_list":{"0":"post-4290","1":"product","2":"type-product","3":"status-publish","5":"product_cat-bullfrog-proizvodi","7":"first","8":"instock","9":"shipping-taxable","10":"product-type-simple"},"_links":{"self":[{"href":"https:\/\/cortecros.com\/hr\/wp-json\/wp\/v2\/product\/4290","targetHints":{"allow":["GET"]}}],"collection":[{"href":"https:\/\/cortecros.com\/hr\/wp-json\/wp\/v2\/product"}],"about":[{"href":"https:\/\/cortecros.com\/hr\/wp-json\/wp\/v2\/types\/product"}],"wp:attachment":[{"href":"https:\/\/cortecros.com\/hr\/wp-json\/wp\/v2\/media?parent=4290"}],"wp:term":[{"taxonomy":"product_brand","embeddable":true,"href":"https:\/\/cortecros.com\/hr\/wp-json\/wp\/v2\/product_brand?post=4290"},{"taxonomy":"product_cat","embeddable":true,"href":"https:\/\/cortecros.com\/hr\/wp-json\/wp\/v2\/product_cat?post=4290"},{"taxonomy":"product_tag","embeddable":true,"href":"https:\/\/cortecros.com\/hr\/wp-json\/wp\/v2\/product_tag?post=4290"}],"curies":[{"name":"wp","href":"https:\/\/api.w.org\/{rel}","templated":true}]}}