{"id":4292,"date":"2017-05-24T19:19:17","date_gmt":"2017-05-24T19:19:17","guid":{"rendered":"https:\/\/cortecros.com\/product\/bull-frog-trake\/"},"modified":"2017-05-24T19:19:17","modified_gmt":"2017-05-24T19:19:17","slug":"bull-frog-trake","status":"publish","type":"product","link":"https:\/\/cortecros.com\/hr\/product\/bull-frog-trake\/","title":{"rendered":"Bull Frog Trake"},"content":{"rendered":"<p>Spre\u010davaju koroziju i vlagu u zatvorenim prostorima. Odlo\u017eite ih uz pu\u0161ku u sigurnu ostavu, sanduk ili ormar. Odlo\u017eite ih u sekundi, a za\u0161titili ste Va\u0161e oru\u017eje na godinu dana. Jedna emiterska traka \u0161titi do 30 l zatvorenog prostora, a posuda \u0161titi do 300 l zatvorenog prostora, dok \u0161titnik \u0161titi \u010dak do 2,8 m<sup>3<\/sup>.<\/p>\n","protected":false},"excerpt":{"rendered":"<p>Spre\u010davaju koroziju i vlagu u zatvorenim prostorima. Odlo\u017eite ih uz pu\u0161ku u sigurnu ostavu, sanduk ili ormar. Odlo\u017eite ih u sekundi, a za\u0161titili ste Va\u0161e oru\u017eje na godinu dana. Jedna emiterska traka \u0161titi do 30 l zatvorenog prostora, a posuda \u0161titi do 300 l zatvorenog prostora, dok \u0161titnik \u0161titi \u010dak\u2026 <a class=\"continue-reading-link\" href=\"https:\/\/cortecros.com\/hr\/product\/bull-frog-trake\/\">nastavi \u010ditati<\/a><\/p>\n","protected":false},"featured_media":1640,"template":"","meta":{"ngg_post_thumbnail":0,"_links_to":"","_links_to_target":""},"product_brand":[],"product_cat":[45],"product_tag":[],"class_list":{"0":"post-4292","1":"product","2":"type-product","3":"status-publish","4":"has-post-thumbnail","6":"product_cat-bullfrog-proizvodi","8":"first","9":"instock","10":"shipping-taxable","11":"product-type-simple"},"_links":{"self":[{"href":"https:\/\/cortecros.com\/hr\/wp-json\/wp\/v2\/product\/4292","targetHints":{"allow":["GET"]}}],"collection":[{"href":"https:\/\/cortecros.com\/hr\/wp-json\/wp\/v2\/product"}],"about":[{"href":"https:\/\/cortecros.com\/hr\/wp-json\/wp\/v2\/types\/product"}],"wp:featuredmedia":[{"embeddable":true,"href":"https:\/\/cortecros.com\/hr\/wp-json\/wp\/v2\/media\/1640"}],"wp:attachment":[{"href":"https:\/\/cortecros.com\/hr\/wp-json\/wp\/v2\/media?parent=4292"}],"wp:term":[{"taxonomy":"product_brand","embeddable":true,"href":"https:\/\/cortecros.com\/hr\/wp-json\/wp\/v2\/product_brand?post=4292"},{"taxonomy":"product_cat","embeddable":true,"href":"https:\/\/cortecros.com\/hr\/wp-json\/wp\/v2\/product_cat?post=4292"},{"taxonomy":"product_tag","embeddable":true,"href":"https:\/\/cortecros.com\/hr\/wp-json\/wp\/v2\/product_tag?post=4292"}],"curies":[{"name":"wp","href":"https:\/\/api.w.org\/{rel}","templated":true}]}}