{"id":4297,"date":"2017-05-25T13:34:14","date_gmt":"2017-05-25T13:34:14","guid":{"rendered":"https:\/\/cortecros.com\/product\/bullfrog-proizvodi-prekrivaci-za-motore-i-automobile\/"},"modified":"2017-05-25T13:34:14","modified_gmt":"2017-05-25T13:34:14","slug":"bullfrog-proizvodi-prekrivaci-za-motore-i-automobile","status":"publish","type":"product","link":"https:\/\/cortecros.com\/hr\/product\/bullfrog-proizvodi-prekrivaci-za-motore-i-automobile\/","title":{"rendered":"BullFrog proizvodi \/ Prekriva\u010di za motore i automobile"},"content":{"rendered":"<p>Motori<\/p>\n<p><img decoding=\"async\" class=\"alignnone size-medium wp-image-4293\" src=\"https:\/\/cortecros.com\/wp-content\/uploads\/2019\/05\/motori-300x68.jpg\" alt=\"\" width=\"300\" height=\"68\" srcset=\"https:\/\/cortecros.com\/wp-content\/uploads\/2019\/05\/motori-300x68.jpg 300w, https:\/\/cortecros.com\/wp-content\/uploads\/2019\/05\/motori-200x45.jpg 200w, https:\/\/cortecros.com\/wp-content\/uploads\/2019\/05\/motori-150x34.jpg 150w, https:\/\/cortecros.com\/wp-content\/uploads\/2019\/05\/motori-400x91.jpg 400w, https:\/\/cortecros.com\/wp-content\/uploads\/2019\/05\/motori.jpg 592w\" sizes=\"(max-width: 300px) 100vw, 300px\" \/><\/p>\n<p>Automobili<\/p>\n<p><img decoding=\"async\" class=\"alignnone size-medium wp-image-4295\" src=\"https:\/\/cortecros.com\/wp-content\/uploads\/2019\/05\/automobili-300x86.jpg\" alt=\"\" width=\"300\" height=\"86\" srcset=\"https:\/\/cortecros.com\/wp-content\/uploads\/2019\/05\/automobili-300x86.jpg 300w, https:\/\/cortecros.com\/wp-content\/uploads\/2019\/05\/automobili-200x57.jpg 200w, https:\/\/cortecros.com\/wp-content\/uploads\/2019\/05\/automobili-150x43.jpg 150w, https:\/\/cortecros.com\/wp-content\/uploads\/2019\/05\/automobili-400x114.jpg 400w, https:\/\/cortecros.com\/wp-content\/uploads\/2019\/05\/automobili.jpg 535w\" sizes=\"(max-width: 300px) 100vw, 300px\" \/><\/p>\n<p>BullFrog prekriva\u010di \u0161tite od razornog djelovanja korozije tijekom zimskog razdoblja. Prekriva\u010di su napravljeni od tkanog polietilena i premazani premazom velike gusto\u0107e. Ovaj vi\u0161eslojni za\u0161titni materijal tako\u0111er ima unutarnji meki netkani sloj, velike je \u010dvrsto\u0107e i otpornosti na razdiranje, spre\u010dava prodor pra\u0161ine, ne\u010disto\u0107e, snijega, vlage, \u010dak i kapljica vode. Vanjska reflektiraju\u0107a srebrna povr\u0161ina ima dvostruku UV za\u0161titu (do 5 godina u sun\u010danim i vru\u0107im klimatskim uvjetima) i idealna je za vanjsku za\u0161titu. Prekriva\u010d se mo\u017ee ponovno koristiti, 100% recikliraju\u0107i i nije toksi\u010dan.<\/p>\n<p>Ali, najva\u017enije je ono \u0161to se doga\u0111a unutra. Za razliku od standardnih prekriva\u010da, BullFrog prekriva\u010d je impregniran sa hlapljivim inhibitorima korozije. VpCI stvara \u201emolekularni ki\u0161obran\u201c inhibitora korozije koji migriraju na sve metalne povr\u0161ine uklju\u010duju\u0107i i razli\u010dite udubljene povr\u0161ine. Cortecov VpCI pru\u017ea \u010distu za\u0161titu. Nakon skladi\u0161tenja, nije potrebno uklanjati inhibitore korozije kemijskim \u010dista\u010dima i odma\u0161\u0107iva\u010dima.<\/p>\n<p>BullFrog prekriva\u010di dostupni su u tri veli\u010dine: srednja, velika i ogromna (dovoljno velika da odgovara najve\u0107em Harley Davidsonu).<\/p>\n","protected":false},"excerpt":{"rendered":"<p>Motori Automobili BullFrog prekriva\u010di \u0161tite od razornog djelovanja korozije tijekom zimskog razdoblja. Prekriva\u010di su napravljeni od tkanog polietilena i premazani premazom velike gusto\u0107e. Ovaj vi\u0161eslojni za\u0161titni materijal tako\u0111er ima unutarnji meki netkani sloj, velike je \u010dvrsto\u0107e i otpornosti na razdiranje, spre\u010dava prodor pra\u0161ine, ne\u010disto\u0107e, snijega, vlage, \u010dak i kapljica vode.\u2026 <a class=\"continue-reading-link\" href=\"https:\/\/cortecros.com\/hr\/product\/bullfrog-proizvodi-prekrivaci-za-motore-i-automobile\/\">nastavi \u010ditati<\/a><\/p>\n","protected":false},"featured_media":0,"template":"","meta":{"ngg_post_thumbnail":0,"_links_to":"","_links_to_target":""},"product_brand":[],"product_cat":[45],"product_tag":[],"class_list":{"0":"post-4297","1":"product","2":"type-product","3":"status-publish","5":"product_cat-bullfrog-proizvodi","7":"first","8":"instock","9":"shipping-taxable","10":"product-type-simple"},"_links":{"self":[{"href":"https:\/\/cortecros.com\/hr\/wp-json\/wp\/v2\/product\/4297","targetHints":{"allow":["GET"]}}],"collection":[{"href":"https:\/\/cortecros.com\/hr\/wp-json\/wp\/v2\/product"}],"about":[{"href":"https:\/\/cortecros.com\/hr\/wp-json\/wp\/v2\/types\/product"}],"wp:attachment":[{"href":"https:\/\/cortecros.com\/hr\/wp-json\/wp\/v2\/media?parent=4297"}],"wp:term":[{"taxonomy":"product_brand","embeddable":true,"href":"https:\/\/cortecros.com\/hr\/wp-json\/wp\/v2\/product_brand?post=4297"},{"taxonomy":"product_cat","embeddable":true,"href":"https:\/\/cortecros.com\/hr\/wp-json\/wp\/v2\/product_cat?post=4297"},{"taxonomy":"product_tag","embeddable":true,"href":"https:\/\/cortecros.com\/hr\/wp-json\/wp\/v2\/product_tag?post=4297"}],"curies":[{"name":"wp","href":"https:\/\/api.w.org\/{rel}","templated":true}]}}